{"id":7193,"date":"2026-04-25T00:15:32","date_gmt":"2026-04-24T22:15:32","guid":{"rendered":"https:\/\/ibizagirls.net\/?post_type=product&#038;p=7193"},"modified":"2026-04-25T00:15:32","modified_gmt":"2026-04-24T22:15:32","slug":"laura-4","status":"publish","type":"product","link":"https:\/\/ibizagirls.net\/de\/laura-4\/","title":{"rendered":"Laura"},"content":{"rendered":"<p data-start=\"1982\" data-end=\"2273\">Hola cielo, soy <strong data-start=\"2007\" data-end=\"2017\">Laura<\/strong>, a <strong data-start=\"2023\" data-end=\"2050\">Luxus-Begleitung auf Ibiza<\/strong>, con una presencia sofisticada, piel suave y un estilo refinado que combina cercan\u00eda, sensualidad y elegancia en cada encuentro. Me encanta crear una atm\u00f3sfera \u00edntima y relajada donde la conexi\u00f3n surja de manera natural.<\/p>\n<p data-start=\"2275\" data-end=\"2559\">Estoy en la isla para vivir contigo experiencias exclusivas: cenas rom\u00e1nticas frente al mar, paseos en yate al atardecer, veladas privadas y encuentros \u00edntimos llenos de complicidad y discreci\u00f3n. Cada cita est\u00e1 pensada para adaptarse a tus deseos y hacer de cada momento algo \u00fanico.<\/p>\n<p data-start=\"2561\" data-end=\"2790\">Disponible <strong data-start=\"2572\" data-end=\"2580\">24\/7<\/strong>, realizo salidas a <strong data-start=\"2600\" data-end=\"2628\">Hotels, Villen und Boote<\/strong>, y tambi\u00e9n puedo recibirte en un <strong data-start=\"2662\" data-end=\"2694\">apartamento privado en Ibiza<\/strong>, \u00edntimo y elegante, reservado solo para nosotros, perfecto para disfrutar sin interrupciones.<\/p>\n<p data-start=\"2792\" data-end=\"2895\">Reserva ahora y d\u00e9jame ser ese recuerdo especial que har\u00e1 tu estancia en la isla realmente inolvidable.<\/p>","protected":false},"excerpt":{"rendered":"<div style=\"width: 576px;\" class=\"wp-video\"><!--[if lt IE 9]><script>document.createElement('video');<\/script><![endif]--><br \/>\n<video class=\"wp-video-shortcode\" id=\"video-7193-1\" width=\"576\" height=\"1024\" preload=\"metadata\" controls=\"controls\"><source type=\"video\/mp4\" src=\"https:\/\/ibizagirls.net\/wp-content\/uploads\/2026\/04\/Video-Laura-Escort-en-Puerto-de-Ibiza.mp4?_=1\" \/><a href=\"https:\/\/ibizagirls.net\/wp-content\/uploads\/2026\/04\/Video-Laura-Escort-en-Puerto-de-Ibiza.mp4\">https:\/\/ibizagirls.net\/wp-content\/uploads\/2026\/04\/Video-Laura-Escort-en-Puerto-de-Ibiza.mp4<\/a><\/video><\/div>","protected":false},"featured_media":7196,"comment_status":"open","ping_status":"closed","template":"","meta":{"_acf_changed":false,"site-sidebar-layout":"default","site-content-layout":"","ast-site-content-layout":"default","site-content-style":"default","site-sidebar-style":"default","ast-global-header-display":"","ast-banner-title-visibility":"","ast-main-header-display":"","ast-hfb-above-header-display":"","ast-hfb-below-header-display":"","ast-hfb-mobile-header-display":"","site-post-title":"","ast-breadcrumbs-content":"","ast-featured-img":"","footer-sml-layout":"","ast-disable-related-posts":"","theme-transparent-header-meta":"default","adv-header-id-meta":"","stick-header-meta":"","header-above-stick-meta":"","header-main-stick-meta":"","header-below-stick-meta":"","astra-migrate-meta-layouts":"set","ast-page-background-enabled":"default","ast-page-background-meta":{"desktop":{"background-color":"var(--ast-global-color-4)","background-image":"","background-repeat":"repeat","background-position":"center center","background-size":"auto","background-attachment":"scroll","background-type":"","background-media":"","overlay-type":"","overlay-color":"","overlay-opacity":"","overlay-gradient":""},"tablet":{"background-color":"","background-image":"","background-repeat":"repeat","background-position":"center center","background-size":"auto","background-attachment":"scroll","background-type":"","background-media":"","overlay-type":"","overlay-color":"","overlay-opacity":"","overlay-gradient":""},"mobile":{"background-color":"","background-image":"","background-repeat":"repeat","background-position":"center center","background-size":"auto","background-attachment":"scroll","background-type":"","background-media":"","overlay-type":"","overlay-color":"","overlay-opacity":"","overlay-gradient":""}},"ast-content-background-meta":{"desktop":{"background-color":"var(--ast-global-color-5)","background-image":"","background-repeat":"repeat","background-position":"center center","background-size":"auto","background-attachment":"scroll","background-type":"","background-media":"","overlay-type":"","overlay-color":"","overlay-opacity":"","overlay-gradient":""},"tablet":{"background-color":"var(--ast-global-color-5)","background-image":"","background-repeat":"repeat","background-position":"center center","background-size":"auto","background-attachment":"scroll","background-type":"","background-media":"","overlay-type":"","overlay-color":"","overlay-opacity":"","overlay-gradient":""},"mobile":{"background-color":"var(--ast-global-color-5)","background-image":"","background-repeat":"repeat","background-position":"center center","background-size":"auto","background-attachment":"scroll","background-type":"","background-media":"","overlay-type":"","overlay-color":"","overlay-opacity":"","overlay-gradient":""}}},"product_brand":[],"product_cat":[55,19,54,38],"product_tag":[],"class_list":{"0":"post-7193","1":"product","2":"type-product","3":"status-publish","4":"has-post-thumbnail","6":"product_cat-escort","7":"product_cat-disponible","8":"product_cat-videos","9":"product_cat-ladys-escorts-ibiza","10":"desktop-align-left","11":"tablet-align-left","12":"mobile-align-left","14":"first","15":"instock","16":"shipping-taxable","17":"product-type-simple"},"acf":[],"gallery_images":[7196,7194,7195,7197,7198,7199],"_links":{"self":[{"href":"https:\/\/ibizagirls.net\/de\/wp-json\/wp\/v2\/product\/7193"}],"collection":[{"href":"https:\/\/ibizagirls.net\/de\/wp-json\/wp\/v2\/product"}],"about":[{"href":"https:\/\/ibizagirls.net\/de\/wp-json\/wp\/v2\/types\/product"}],"replies":[{"embeddable":true,"href":"https:\/\/ibizagirls.net\/de\/wp-json\/wp\/v2\/comments?post=7193"}],"wp:featuredmedia":[{"embeddable":true,"href":"https:\/\/ibizagirls.net\/de\/wp-json\/wp\/v2\/media\/7196"}],"wp:attachment":[{"href":"https:\/\/ibizagirls.net\/de\/wp-json\/wp\/v2\/media?parent=7193"}],"wp:term":[{"taxonomy":"product_brand","embeddable":true,"href":"https:\/\/ibizagirls.net\/de\/wp-json\/wp\/v2\/product_brand?post=7193"},{"taxonomy":"product_cat","embeddable":true,"href":"https:\/\/ibizagirls.net\/de\/wp-json\/wp\/v2\/product_cat?post=7193"},{"taxonomy":"product_tag","embeddable":true,"href":"https:\/\/ibizagirls.net\/de\/wp-json\/wp\/v2\/product_tag?post=7193"}],"curies":[{"name":"wp","href":"https:\/\/api.w.org\/{rel}","templated":true}]}}