{"id":7242,"date":"2026-04-28T00:10:22","date_gmt":"2026-04-27T22:10:22","guid":{"rendered":"https:\/\/ibizagirls.net\/?post_type=product&#038;p=7242"},"modified":"2026-04-28T01:43:10","modified_gmt":"2026-04-27T23:43:10","slug":"maggie","status":"publish","type":"product","link":"https:\/\/ibizagirls.net\/de\/maggie\/","title":{"rendered":"Maggie"},"content":{"rendered":"<p data-start=\"973\" data-end=\"1275\">Hallo Liebe, ich bin <strong data-start=\"997\" data-end=\"1006\">Maggie<\/strong>, a <strong data-start=\"1012\" data-end=\"1053\">High-Class-Begleitung auf Ibiza<\/strong>, con una presencia sofisticada, piel suave y una personalidad que combina elegancia, cercan\u00eda y un toque de sensualidad que hace cada encuentro \u00fanico. Me encanta que todo sea natural y exclusivo desde el primer momento.<\/p>\n<p data-start=\"1277\" data-end=\"1466\">Estoy en la isla para vivir contigo momentos selectos: cenas privadas frente al mar, paseos en yate por aguas cristalinas, veladas \u00edntimas y encuentros llenos de complicidad y discreci\u00f3n.<\/p>\n<p data-start=\"1468\" data-end=\"1654\">Ich bin verf\u00fcgbar <strong data-start=\"1485\" data-end=\"1501\">las 24 horas<\/strong>, puedo desplazarme a tu <strong data-start=\"1526\" data-end=\"1550\">hotel, villa o barco<\/strong>, o recibirte en un <strong data-start=\"1570\" data-end=\"1602\">apartamento privado en Ibiza<\/strong>, \u00edntimo, elegante y reservado solo para nosotros.<\/p>\n<p data-start=\"1656\" data-end=\"1751\">Haz tu reserva y perm\u00edteme ser ese plan especial que recordar\u00e1s mucho despu\u00e9s de dejar la isla.<\/p>","protected":false},"excerpt":{"rendered":"<div style=\"width: 478px;\" class=\"wp-video\"><!--[if lt IE 9]><script>document.createElement('video');<\/script><![endif]--><br \/>\n<video class=\"wp-video-shortcode\" id=\"video-7242-1\" width=\"478\" height=\"850\" preload=\"metadata\" controls=\"controls\"><source type=\"video\/mp4\" src=\"https:\/\/ibizagirls.net\/wp-content\/uploads\/2026\/04\/Video-Maggie-Ibiza-Escort-de-Lujo-en-Ibiza.mp4?_=1\" \/><a href=\"https:\/\/ibizagirls.net\/wp-content\/uploads\/2026\/04\/Video-Maggie-Ibiza-Escort-de-Lujo-en-Ibiza.mp4\">https:\/\/ibizagirls.net\/wp-content\/uploads\/2026\/04\/Video-Maggie-Ibiza-Escort-de-Lujo-en-Ibiza.mp4<\/a><\/video><\/div>","protected":false},"featured_media":7253,"comment_status":"open","ping_status":"closed","template":"","meta":{"_acf_changed":false,"site-sidebar-layout":"default","site-content-layout":"","ast-site-content-layout":"default","site-content-style":"default","site-sidebar-style":"default","ast-global-header-display":"","ast-banner-title-visibility":"","ast-main-header-display":"","ast-hfb-above-header-display":"","ast-hfb-below-header-display":"","ast-hfb-mobile-header-display":"","site-post-title":"","ast-breadcrumbs-content":"","ast-featured-img":"","footer-sml-layout":"","ast-disable-related-posts":"","theme-transparent-header-meta":"default","adv-header-id-meta":"","stick-header-meta":"","header-above-stick-meta":"","header-main-stick-meta":"","header-below-stick-meta":"","astra-migrate-meta-layouts":"set","ast-page-background-enabled":"default","ast-page-background-meta":{"desktop":{"background-color":"var(--ast-global-color-4)","background-image":"","background-repeat":"repeat","background-position":"center center","background-size":"auto","background-attachment":"scroll","background-type":"","background-media":"","overlay-type":"","overlay-color":"","overlay-opacity":"","overlay-gradient":""},"tablet":{"background-color":"","background-image":"","background-repeat":"repeat","background-position":"center center","background-size":"auto","background-attachment":"scroll","background-type":"","background-media":"","overlay-type":"","overlay-color":"","overlay-opacity":"","overlay-gradient":""},"mobile":{"background-color":"","background-image":"","background-repeat":"repeat","background-position":"center center","background-size":"auto","background-attachment":"scroll","background-type":"","background-media":"","overlay-type":"","overlay-color":"","overlay-opacity":"","overlay-gradient":""}},"ast-content-background-meta":{"desktop":{"background-color":"var(--ast-global-color-5)","background-image":"","background-repeat":"repeat","background-position":"center center","background-size":"auto","background-attachment":"scroll","background-type":"","background-media":"","overlay-type":"","overlay-color":"","overlay-opacity":"","overlay-gradient":""},"tablet":{"background-color":"var(--ast-global-color-5)","background-image":"","background-repeat":"repeat","background-position":"center center","background-size":"auto","background-attachment":"scroll","background-type":"","background-media":"","overlay-type":"","overlay-color":"","overlay-opacity":"","overlay-gradient":""},"mobile":{"background-color":"var(--ast-global-color-5)","background-image":"","background-repeat":"repeat","background-position":"center center","background-size":"auto","background-attachment":"scroll","background-type":"","background-media":"","overlay-type":"","overlay-color":"","overlay-opacity":"","overlay-gradient":""}}},"product_brand":[],"product_cat":[55,19,52,54,37],"product_tag":[],"class_list":{"0":"post-7242","1":"product","2":"type-product","3":"status-publish","4":"has-post-thumbnail","6":"product_cat-escort","7":"product_cat-disponible","8":"product_cat-carrusel","9":"product_cat-videos","10":"product_cat-queens-ibiza","11":"desktop-align-left","12":"tablet-align-left","13":"mobile-align-left","15":"first","16":"instock","17":"shipping-taxable","18":"product-type-simple"},"acf":[],"gallery_images":[7253,7251,7252,7254],"_links":{"self":[{"href":"https:\/\/ibizagirls.net\/de\/wp-json\/wp\/v2\/product\/7242"}],"collection":[{"href":"https:\/\/ibizagirls.net\/de\/wp-json\/wp\/v2\/product"}],"about":[{"href":"https:\/\/ibizagirls.net\/de\/wp-json\/wp\/v2\/types\/product"}],"replies":[{"embeddable":true,"href":"https:\/\/ibizagirls.net\/de\/wp-json\/wp\/v2\/comments?post=7242"}],"wp:featuredmedia":[{"embeddable":true,"href":"https:\/\/ibizagirls.net\/de\/wp-json\/wp\/v2\/media\/7253"}],"wp:attachment":[{"href":"https:\/\/ibizagirls.net\/de\/wp-json\/wp\/v2\/media?parent=7242"}],"wp:term":[{"taxonomy":"product_brand","embeddable":true,"href":"https:\/\/ibizagirls.net\/de\/wp-json\/wp\/v2\/product_brand?post=7242"},{"taxonomy":"product_cat","embeddable":true,"href":"https:\/\/ibizagirls.net\/de\/wp-json\/wp\/v2\/product_cat?post=7242"},{"taxonomy":"product_tag","embeddable":true,"href":"https:\/\/ibizagirls.net\/de\/wp-json\/wp\/v2\/product_tag?post=7242"}],"curies":[{"name":"wp","href":"https:\/\/api.w.org\/{rel}","templated":true}]}}