{"id":7243,"date":"2026-04-28T00:14:19","date_gmt":"2026-04-27T22:14:19","guid":{"rendered":"https:\/\/ibizagirls.net\/?post_type=product&#038;p=7243"},"modified":"2026-04-28T01:40:39","modified_gmt":"2026-04-27T23:40:39","slug":"diana-4","status":"publish","type":"product","link":"https:\/\/ibizagirls.net\/de\/diana-4\/","title":{"rendered":"Diana"},"content":{"rendered":"<p data-start=\"1758\" data-end=\"2043\">Hola cielo, soy <strong data-start=\"1783\" data-end=\"1794\">Diana<\/strong>, a <strong data-start=\"1800\" data-end=\"1836\">Luxus-Begleitung auf Ibiza<\/strong>, con curvas armoniosas, piel suave y una personalidad que combina dulzura, elegancia y una sensualidad natural que no pasa desapercibida. Me gusta cuidar cada detalle para que cada encuentro sea especial.<\/p>\n<p data-start=\"2045\" data-end=\"2264\">Estoy en la isla para compartir contigo experiencias exclusivas: cenas rom\u00e1nticas, paseos en yate al atardecer, veladas privadas y momentos \u00edntimos llenos de complicidad. Todo pensado para que disfrutes de algo \u00fanico.<\/p>\n<p data-start=\"2266\" data-end=\"2441\">Disponible <strong data-start=\"2277\" data-end=\"2285\">24\/7<\/strong>, realizo salidas a <strong data-start=\"2305\" data-end=\"2333\">Hotels, Villen und Boote<\/strong>, o puedo recibirte en un <strong data-start=\"2359\" data-end=\"2391\">apartamento privado en Ibiza<\/strong>, \u00edntimo, c\u00f3modo y reservado solo para nosotros.<\/p>\n<p data-start=\"2443\" data-end=\"2530\">Reserva ahora y d\u00e9jame convertir tu estancia en la isla en una experiencia inolvidable.<\/p>","protected":false},"excerpt":{"rendered":"<p>Hola cielo, soy Diana, una escort de lujo en Ibiza, con curvas armoniosas, piel suave y una personalidad que combina [&hellip;]<\/p>","protected":false},"featured_media":7244,"comment_status":"open","ping_status":"closed","template":"","meta":{"_acf_changed":false,"site-sidebar-layout":"default","site-content-layout":"","ast-site-content-layout":"default","site-content-style":"default","site-sidebar-style":"default","ast-global-header-display":"","ast-banner-title-visibility":"","ast-main-header-display":"","ast-hfb-above-header-display":"","ast-hfb-below-header-display":"","ast-hfb-mobile-header-display":"","site-post-title":"","ast-breadcrumbs-content":"","ast-featured-img":"","footer-sml-layout":"","ast-disable-related-posts":"","theme-transparent-header-meta":"default","adv-header-id-meta":"","stick-header-meta":"","header-above-stick-meta":"","header-main-stick-meta":"","header-below-stick-meta":"","astra-migrate-meta-layouts":"set","ast-page-background-enabled":"default","ast-page-background-meta":{"desktop":{"background-color":"var(--ast-global-color-4)","background-image":"","background-repeat":"repeat","background-position":"center center","background-size":"auto","background-attachment":"scroll","background-type":"","background-media":"","overlay-type":"","overlay-color":"","overlay-opacity":"","overlay-gradient":""},"tablet":{"background-color":"","background-image":"","background-repeat":"repeat","background-position":"center center","background-size":"auto","background-attachment":"scroll","background-type":"","background-media":"","overlay-type":"","overlay-color":"","overlay-opacity":"","overlay-gradient":""},"mobile":{"background-color":"","background-image":"","background-repeat":"repeat","background-position":"center center","background-size":"auto","background-attachment":"scroll","background-type":"","background-media":"","overlay-type":"","overlay-color":"","overlay-opacity":"","overlay-gradient":""}},"ast-content-background-meta":{"desktop":{"background-color":"var(--ast-global-color-5)","background-image":"","background-repeat":"repeat","background-position":"center center","background-size":"auto","background-attachment":"scroll","background-type":"","background-media":"","overlay-type":"","overlay-color":"","overlay-opacity":"","overlay-gradient":""},"tablet":{"background-color":"var(--ast-global-color-5)","background-image":"","background-repeat":"repeat","background-position":"center center","background-size":"auto","background-attachment":"scroll","background-type":"","background-media":"","overlay-type":"","overlay-color":"","overlay-opacity":"","overlay-gradient":""},"mobile":{"background-color":"var(--ast-global-color-5)","background-image":"","background-repeat":"repeat","background-position":"center center","background-size":"auto","background-attachment":"scroll","background-type":"","background-media":"","overlay-type":"","overlay-color":"","overlay-opacity":"","overlay-gradient":""}}},"product_brand":[],"product_cat":[55,19,52,54,37],"product_tag":[],"class_list":{"0":"post-7243","1":"product","2":"type-product","3":"status-publish","4":"has-post-thumbnail","6":"product_cat-escort","7":"product_cat-disponible","8":"product_cat-carrusel","9":"product_cat-videos","10":"product_cat-queens-ibiza","11":"desktop-align-left","12":"tablet-align-left","13":"mobile-align-left","15":"first","16":"instock","17":"shipping-taxable","18":"product-type-simple"},"acf":[],"gallery_images":[7244,7245,7246,7247,7248,7249,7250],"_links":{"self":[{"href":"https:\/\/ibizagirls.net\/de\/wp-json\/wp\/v2\/product\/7243"}],"collection":[{"href":"https:\/\/ibizagirls.net\/de\/wp-json\/wp\/v2\/product"}],"about":[{"href":"https:\/\/ibizagirls.net\/de\/wp-json\/wp\/v2\/types\/product"}],"replies":[{"embeddable":true,"href":"https:\/\/ibizagirls.net\/de\/wp-json\/wp\/v2\/comments?post=7243"}],"wp:featuredmedia":[{"embeddable":true,"href":"https:\/\/ibizagirls.net\/de\/wp-json\/wp\/v2\/media\/7244"}],"wp:attachment":[{"href":"https:\/\/ibizagirls.net\/de\/wp-json\/wp\/v2\/media?parent=7243"}],"wp:term":[{"taxonomy":"product_brand","embeddable":true,"href":"https:\/\/ibizagirls.net\/de\/wp-json\/wp\/v2\/product_brand?post=7243"},{"taxonomy":"product_cat","embeddable":true,"href":"https:\/\/ibizagirls.net\/de\/wp-json\/wp\/v2\/product_cat?post=7243"},{"taxonomy":"product_tag","embeddable":true,"href":"https:\/\/ibizagirls.net\/de\/wp-json\/wp\/v2\/product_tag?post=7243"}],"curies":[{"name":"wp","href":"https:\/\/api.w.org\/{rel}","templated":true}]}}