{"id":7262,"date":"2026-04-28T01:53:03","date_gmt":"2026-04-27T23:53:03","guid":{"rendered":"https:\/\/ibizagirls.net\/?post_type=product&#038;p=7262"},"modified":"2026-04-28T01:53:03","modified_gmt":"2026-04-27T23:53:03","slug":"megan-7","status":"publish","type":"product","link":"https:\/\/ibizagirls.net\/de\/megan-7\/","title":{"rendered":"Megan"},"content":{"rendered":"<p data-start=\"3679\" data-end=\"3915\">Hallo Liebe, ich bin <strong data-start=\"3703\" data-end=\"3712\">Megan<\/strong>, a <strong data-start=\"3718\" data-end=\"3756\">escort exclusiva en Ibiza<\/strong>, con una figura cuidada, piel suave y un estilo elegante que transmite sensualidad y cercan\u00eda en cada momento. Todo est\u00e1 pensado para que te sientas c\u00f3modo.<\/p>\n<p data-start=\"3917\" data-end=\"4046\">Estoy en la isla para compartir contigo planes selectos: cenas rom\u00e1nticas, veladas privadas y encuentros llenos de complicidad.<\/p>\n<p data-start=\"4048\" data-end=\"4114\">Disponible las 24 horas, con desplazamiento o recepci\u00f3n privada.<\/p>\n<p data-start=\"4116\" data-end=\"4168\">Reserva ahora y d\u00e9jame ser tu mejor plan en la isla.<\/p>","protected":false},"excerpt":{"rendered":"<div style=\"width: 576px;\" class=\"wp-video\"><!--[if lt IE 9]><script>document.createElement('video');<\/script><![endif]--><br \/>\n<video class=\"wp-video-shortcode\" id=\"video-7262-1\" width=\"576\" height=\"1024\" preload=\"metadata\" controls=\"controls\"><source type=\"video\/mp4\" src=\"https:\/\/ibizagirls.net\/wp-content\/uploads\/2026\/04\/Video-Megan-Chica-Imagen-Ibiza.mp4?_=1\" \/><a href=\"https:\/\/ibizagirls.net\/wp-content\/uploads\/2026\/04\/Video-Megan-Chica-Imagen-Ibiza.mp4\">https:\/\/ibizagirls.net\/wp-content\/uploads\/2026\/04\/Video-Megan-Chica-Imagen-Ibiza.mp4<\/a><\/video><\/div>","protected":false},"featured_media":7266,"comment_status":"open","ping_status":"closed","template":"","meta":{"_acf_changed":false,"site-sidebar-layout":"default","site-content-layout":"","ast-site-content-layout":"default","site-content-style":"default","site-sidebar-style":"default","ast-global-header-display":"","ast-banner-title-visibility":"","ast-main-header-display":"","ast-hfb-above-header-display":"","ast-hfb-below-header-display":"","ast-hfb-mobile-header-display":"","site-post-title":"","ast-breadcrumbs-content":"","ast-featured-img":"","footer-sml-layout":"","ast-disable-related-posts":"","theme-transparent-header-meta":"default","adv-header-id-meta":"","stick-header-meta":"","header-above-stick-meta":"","header-main-stick-meta":"","header-below-stick-meta":"","astra-migrate-meta-layouts":"set","ast-page-background-enabled":"default","ast-page-background-meta":{"desktop":{"background-color":"var(--ast-global-color-4)","background-image":"","background-repeat":"repeat","background-position":"center center","background-size":"auto","background-attachment":"scroll","background-type":"","background-media":"","overlay-type":"","overlay-color":"","overlay-opacity":"","overlay-gradient":""},"tablet":{"background-color":"","background-image":"","background-repeat":"repeat","background-position":"center center","background-size":"auto","background-attachment":"scroll","background-type":"","background-media":"","overlay-type":"","overlay-color":"","overlay-opacity":"","overlay-gradient":""},"mobile":{"background-color":"","background-image":"","background-repeat":"repeat","background-position":"center center","background-size":"auto","background-attachment":"scroll","background-type":"","background-media":"","overlay-type":"","overlay-color":"","overlay-opacity":"","overlay-gradient":""}},"ast-content-background-meta":{"desktop":{"background-color":"var(--ast-global-color-5)","background-image":"","background-repeat":"repeat","background-position":"center center","background-size":"auto","background-attachment":"scroll","background-type":"","background-media":"","overlay-type":"","overlay-color":"","overlay-opacity":"","overlay-gradient":""},"tablet":{"background-color":"var(--ast-global-color-5)","background-image":"","background-repeat":"repeat","background-position":"center center","background-size":"auto","background-attachment":"scroll","background-type":"","background-media":"","overlay-type":"","overlay-color":"","overlay-opacity":"","overlay-gradient":""},"mobile":{"background-color":"var(--ast-global-color-5)","background-image":"","background-repeat":"repeat","background-position":"center center","background-size":"auto","background-attachment":"scroll","background-type":"","background-media":"","overlay-type":"","overlay-color":"","overlay-opacity":"","overlay-gradient":""}}},"product_brand":[],"product_cat":[55,19,52,54,37],"product_tag":[],"class_list":{"0":"post-7262","1":"product","2":"type-product","3":"status-publish","4":"has-post-thumbnail","6":"product_cat-escort","7":"product_cat-disponible","8":"product_cat-carrusel","9":"product_cat-videos","10":"product_cat-queens-ibiza","11":"desktop-align-left","12":"tablet-align-left","13":"mobile-align-left","15":"first","16":"instock","17":"shipping-taxable","18":"product-type-simple"},"acf":[],"gallery_images":[7266,7264,7263,7265,7267],"_links":{"self":[{"href":"https:\/\/ibizagirls.net\/de\/wp-json\/wp\/v2\/product\/7262"}],"collection":[{"href":"https:\/\/ibizagirls.net\/de\/wp-json\/wp\/v2\/product"}],"about":[{"href":"https:\/\/ibizagirls.net\/de\/wp-json\/wp\/v2\/types\/product"}],"replies":[{"embeddable":true,"href":"https:\/\/ibizagirls.net\/de\/wp-json\/wp\/v2\/comments?post=7262"}],"wp:featuredmedia":[{"embeddable":true,"href":"https:\/\/ibizagirls.net\/de\/wp-json\/wp\/v2\/media\/7266"}],"wp:attachment":[{"href":"https:\/\/ibizagirls.net\/de\/wp-json\/wp\/v2\/media?parent=7262"}],"wp:term":[{"taxonomy":"product_brand","embeddable":true,"href":"https:\/\/ibizagirls.net\/de\/wp-json\/wp\/v2\/product_brand?post=7262"},{"taxonomy":"product_cat","embeddable":true,"href":"https:\/\/ibizagirls.net\/de\/wp-json\/wp\/v2\/product_cat?post=7262"},{"taxonomy":"product_tag","embeddable":true,"href":"https:\/\/ibizagirls.net\/de\/wp-json\/wp\/v2\/product_tag?post=7262"}],"curies":[{"name":"wp","href":"https:\/\/api.w.org\/{rel}","templated":true}]}}