{"id":2820,"date":"2025-07-07T02:34:41","date_gmt":"2025-07-07T00:34:41","guid":{"rendered":"https:\/\/ibizagirls.net\/?post_type=product&#038;p=2820"},"modified":"2026-04-17T03:50:09","modified_gmt":"2026-04-17T01:50:09","slug":"danna","status":"publish","type":"product","link":"https:\/\/ibizagirls.net\/en\/danna\/","title":{"rendered":"Danna"},"content":{"rendered":"<p>Hola, soy Danna. Mi estilo es fresco, natural y sin artificios. Trabajo como modelo de bikinis y lencer\u00eda, y anuncio mis servicios como acompa\u00f1ante de forma puntual, sin pertenecer a ninguna agencia. Ibiza es el escenario perfecto para quienes buscan encuentros aut\u00e9nticos, sin prisas y con un alto nivel de discreci\u00f3n.<\/p>\n<p>Hablo ingl\u00e9s y espa\u00f1ol, y valoro mucho la educaci\u00f3n, la higiene y la honestidad. No vendo un personaje: lo que ves es lo que soy. Me gusta conectar desde el respeto y la naturalidad. Ideal para escapadas, citas privadas o simplemente compartir una copa con buena conversaci\u00f3n.<\/p>","protected":false},"excerpt":{"rendered":"<p>Hola, soy Danna. Mi estilo es fresco, natural y sin artificios. Trabajo como modelo de bikinis y lencer\u00eda, y anuncio [&hellip;]<\/p>","protected":false},"featured_media":4305,"comment_status":"open","ping_status":"closed","template":"","meta":{"_acf_changed":false,"site-sidebar-layout":"default","site-content-layout":"","ast-site-content-layout":"default","site-content-style":"default","site-sidebar-style":"default","ast-global-header-display":"","ast-banner-title-visibility":"","ast-main-header-display":"","ast-hfb-above-header-display":"","ast-hfb-below-header-display":"","ast-hfb-mobile-header-display":"","site-post-title":"","ast-breadcrumbs-content":"","ast-featured-img":"","footer-sml-layout":"","theme-transparent-header-meta":"default","adv-header-id-meta":"","stick-header-meta":"","header-above-stick-meta":"","header-main-stick-meta":"","header-below-stick-meta":"","astra-migrate-meta-layouts":"set","ast-page-background-enabled":"default","ast-page-background-meta":{"desktop":{"background-color":"var(--ast-global-color-4)","background-image":"","background-repeat":"repeat","background-position":"center center","background-size":"auto","background-attachment":"scroll","background-type":"","background-media":"","overlay-type":"","overlay-color":"","overlay-opacity":"","overlay-gradient":""},"tablet":{"background-color":"","background-image":"","background-repeat":"repeat","background-position":"center center","background-size":"auto","background-attachment":"scroll","background-type":"","background-media":"","overlay-type":"","overlay-color":"","overlay-opacity":"","overlay-gradient":""},"mobile":{"background-color":"","background-image":"","background-repeat":"repeat","background-position":"center center","background-size":"auto","background-attachment":"scroll","background-type":"","background-media":"","overlay-type":"","overlay-color":"","overlay-opacity":"","overlay-gradient":""}},"ast-content-background-meta":{"desktop":{"background-color":"var(--ast-global-color-5)","background-image":"","background-repeat":"repeat","background-position":"center center","background-size":"auto","background-attachment":"scroll","background-type":"","background-media":"","overlay-type":"","overlay-color":"","overlay-opacity":"","overlay-gradient":""},"tablet":{"background-color":"var(--ast-global-color-5)","background-image":"","background-repeat":"repeat","background-position":"center center","background-size":"auto","background-attachment":"scroll","background-type":"","background-media":"","overlay-type":"","overlay-color":"","overlay-opacity":"","overlay-gradient":""},"mobile":{"background-color":"var(--ast-global-color-5)","background-image":"","background-repeat":"repeat","background-position":"center center","background-size":"auto","background-attachment":"scroll","background-type":"","background-media":"","overlay-type":"","overlay-color":"","overlay-opacity":"","overlay-gradient":""}}},"product_brand":[],"product_cat":[19,55,52,37],"product_tag":[],"class_list":{"0":"post-2820","1":"product","2":"type-product","3":"status-publish","4":"has-post-thumbnail","6":"product_cat-disponible","7":"product_cat-escort","8":"product_cat-carrusel","9":"product_cat-queens-ibiza","10":"desktop-align-left","11":"tablet-align-left","12":"mobile-align-left","14":"first","15":"instock","16":"shipping-taxable","17":"product-type-simple"},"acf":[],"gallery_images":[4305,2822,2828,2823,4304,2824,2825,4306,2826,2827,4303],"_links":{"self":[{"href":"https:\/\/ibizagirls.net\/en\/wp-json\/wp\/v2\/product\/2820"}],"collection":[{"href":"https:\/\/ibizagirls.net\/en\/wp-json\/wp\/v2\/product"}],"about":[{"href":"https:\/\/ibizagirls.net\/en\/wp-json\/wp\/v2\/types\/product"}],"replies":[{"embeddable":true,"href":"https:\/\/ibizagirls.net\/en\/wp-json\/wp\/v2\/comments?post=2820"}],"wp:featuredmedia":[{"embeddable":true,"href":"https:\/\/ibizagirls.net\/en\/wp-json\/wp\/v2\/media\/4305"}],"wp:attachment":[{"href":"https:\/\/ibizagirls.net\/en\/wp-json\/wp\/v2\/media?parent=2820"}],"wp:term":[{"taxonomy":"product_brand","embeddable":true,"href":"https:\/\/ibizagirls.net\/en\/wp-json\/wp\/v2\/product_brand?post=2820"},{"taxonomy":"product_cat","embeddable":true,"href":"https:\/\/ibizagirls.net\/en\/wp-json\/wp\/v2\/product_cat?post=2820"},{"taxonomy":"product_tag","embeddable":true,"href":"https:\/\/ibizagirls.net\/en\/wp-json\/wp\/v2\/product_tag?post=2820"}],"curies":[{"name":"wp","href":"https:\/\/api.w.org\/{rel}","templated":true}]}}