{"id":7087,"date":"2025-03-15T19:48:43","date_gmt":"2025-03-15T18:48:43","guid":{"rendered":"https:\/\/queensibiza.com\/?post_type=product&#038;p=2426"},"modified":"2026-04-17T08:32:22","modified_gmt":"2026-04-17T06:32:22","slug":"cataleya-4","status":"publish","type":"product","link":"https:\/\/ibizagirls.net\/en\/cataleya-4\/","title":{"rendered":"Cataleya"},"content":{"rendered":"<p>Hola, soy Cataleya. Soy una mujer que vive y respira glamour. Me encanta vestirme con las \u00faltimas tendencias de la moda y disfrutar de los eventos m\u00e1s exclusivos.<\/p>\n<p>En Ibiza, soy una presencia habitual en las fiestas VIP y los desfiles de moda. Mi estilo es impecable y mi actitud es siempre positiva y llena de energ\u00eda. Si buscas una compa\u00f1\u00eda que te haga sentir como una estrella, estar\u00e9 encantada de ser esa persona. Conmigo, cada momento es una oportunidad para brillar y disfrutar de lo mejor que la vida tiene para ofrecer.<\/p>","protected":false},"excerpt":{"rendered":"<div style=\"width: 476px;\" class=\"wp-video\"><!--[if lt IE 9]><script>document.createElement('video');<\/script><![endif]--><br \/>\n<video class=\"wp-video-shortcode\" id=\"video-7087-1\" width=\"476\" height=\"848\" preload=\"metadata\" controls=\"controls\"><source type=\"video\/mp4\" src=\"https:\/\/ibizagirls.net\/wp-content\/uploads\/2025\/03\/Video-Cataleya-Escort-Vip-en-Ibiza.mp4?_=1\" \/><a href=\"https:\/\/ibizagirls.net\/wp-content\/uploads\/2025\/03\/Video-Cataleya-Escort-Vip-en-Ibiza.mp4\">https:\/\/ibizagirls.net\/wp-content\/uploads\/2025\/03\/Video-Cataleya-Escort-Vip-en-Ibiza.mp4<\/a><\/video><\/div>","protected":false},"featured_media":7118,"comment_status":"open","ping_status":"closed","template":"","meta":{"_acf_changed":false,"site-sidebar-layout":"default","site-content-layout":"","ast-site-content-layout":"default","site-content-style":"default","site-sidebar-style":"default","ast-global-header-display":"","ast-banner-title-visibility":"","ast-main-header-display":"","ast-hfb-above-header-display":"","ast-hfb-below-header-display":"","ast-hfb-mobile-header-display":"","site-post-title":"","ast-breadcrumbs-content":"","ast-featured-img":"","footer-sml-layout":"","theme-transparent-header-meta":"default","adv-header-id-meta":"","stick-header-meta":"","header-above-stick-meta":"","header-main-stick-meta":"","header-below-stick-meta":"","astra-migrate-meta-layouts":"set","ast-page-background-enabled":"default","ast-page-background-meta":{"desktop":{"background-color":"var(--ast-global-color-4)","background-image":"","background-repeat":"repeat","background-position":"center center","background-size":"auto","background-attachment":"scroll","background-type":"","background-media":"","overlay-type":"","overlay-color":"","overlay-opacity":"","overlay-gradient":""},"tablet":{"background-color":"","background-image":"","background-repeat":"repeat","background-position":"center center","background-size":"auto","background-attachment":"scroll","background-type":"","background-media":"","overlay-type":"","overlay-color":"","overlay-opacity":"","overlay-gradient":""},"mobile":{"background-color":"","background-image":"","background-repeat":"repeat","background-position":"center center","background-size":"auto","background-attachment":"scroll","background-type":"","background-media":"","overlay-type":"","overlay-color":"","overlay-opacity":"","overlay-gradient":""}},"ast-content-background-meta":{"desktop":{"background-color":"var(--ast-global-color-5)","background-image":"","background-repeat":"repeat","background-position":"center center","background-size":"auto","background-attachment":"scroll","background-type":"","background-media":"","overlay-type":"","overlay-color":"","overlay-opacity":"","overlay-gradient":""},"tablet":{"background-color":"var(--ast-global-color-5)","background-image":"","background-repeat":"repeat","background-position":"center center","background-size":"auto","background-attachment":"scroll","background-type":"","background-media":"","overlay-type":"","overlay-color":"","overlay-opacity":"","overlay-gradient":""},"mobile":{"background-color":"var(--ast-global-color-5)","background-image":"","background-repeat":"repeat","background-position":"center center","background-size":"auto","background-attachment":"scroll","background-type":"","background-media":"","overlay-type":"","overlay-color":"","overlay-opacity":"","overlay-gradient":""}}},"product_brand":[],"product_cat":[55,19,52,54,38],"product_tag":[],"class_list":{"0":"post-7087","1":"product","2":"type-product","3":"status-publish","4":"has-post-thumbnail","6":"product_cat-escort","7":"product_cat-disponible","8":"product_cat-carrusel","9":"product_cat-videos","10":"product_cat-ladys-escorts-ibiza","11":"desktop-align-left","12":"tablet-align-left","13":"mobile-align-left","15":"first","16":"instock","17":"shipping-taxable","18":"product-type-simple"},"acf":[],"gallery_images":[7118,7116,7117,7119,7120],"_links":{"self":[{"href":"https:\/\/ibizagirls.net\/en\/wp-json\/wp\/v2\/product\/7087"}],"collection":[{"href":"https:\/\/ibizagirls.net\/en\/wp-json\/wp\/v2\/product"}],"about":[{"href":"https:\/\/ibizagirls.net\/en\/wp-json\/wp\/v2\/types\/product"}],"replies":[{"embeddable":true,"href":"https:\/\/ibizagirls.net\/en\/wp-json\/wp\/v2\/comments?post=7087"}],"wp:featuredmedia":[{"embeddable":true,"href":"https:\/\/ibizagirls.net\/en\/wp-json\/wp\/v2\/media\/7118"}],"wp:attachment":[{"href":"https:\/\/ibizagirls.net\/en\/wp-json\/wp\/v2\/media?parent=7087"}],"wp:term":[{"taxonomy":"product_brand","embeddable":true,"href":"https:\/\/ibizagirls.net\/en\/wp-json\/wp\/v2\/product_brand?post=7087"},{"taxonomy":"product_cat","embeddable":true,"href":"https:\/\/ibizagirls.net\/en\/wp-json\/wp\/v2\/product_cat?post=7087"},{"taxonomy":"product_tag","embeddable":true,"href":"https:\/\/ibizagirls.net\/en\/wp-json\/wp\/v2\/product_tag?post=7087"}],"curies":[{"name":"wp","href":"https:\/\/api.w.org\/{rel}","templated":true}]}}