{"id":7177,"date":"2026-04-25T00:02:26","date_gmt":"2026-04-24T22:02:26","guid":{"rendered":"https:\/\/ibizagirls.net\/?post_type=product&#038;p=7177"},"modified":"2026-04-25T00:02:26","modified_gmt":"2026-04-24T22:02:26","slug":"isabella-6","status":"publish","type":"product","link":"https:\/\/ibizagirls.net\/en\/isabella-6\/","title":{"rendered":"Isabella"},"content":{"rendered":"<p data-start=\"114\" data-end=\"415\">Hola cielo, soy <strong data-start=\"139\" data-end=\"149\">Isabella<\/strong>, a <strong data-start=\"155\" data-end=\"189\">luxury escort in Ibiza<\/strong>, con una figura armoniosa, piel suave y una personalidad que combina dulzura, sensualidad y un toque sofisticado que te atrapar\u00e1 desde el primer instante. Me gusta crear un ambiente cercano donde todo fluya con naturalidad.<\/p>\n<p data-start=\"417\" data-end=\"614\">Estoy en la isla para compartir contigo experiencias \u00fanicas: cenas rom\u00e1nticas frente al mar, paseos en yate al atardecer, veladas privadas y encuentros \u00edntimos llenos de complicidad y discreci\u00f3n.<\/p>\n<p data-start=\"616\" data-end=\"719\">Disponible <strong data-start=\"627\" data-end=\"635\">24\/7<\/strong>, salidas a hoteles, villas y barcos, o recepci\u00f3n en apartamento privado en Ibiza.<\/p>\n<p data-start=\"721\" data-end=\"777\">Reserva ahora y d\u00e9jame ser tu mejor recuerdo en la isla.<\/p>","protected":false},"excerpt":{"rendered":"<p>Hola cielo, soy Isabella, una escort de lujo en Ibiza, con una figura armoniosa, piel suave y una personalidad que [&hellip;]<\/p>","protected":false},"featured_media":7180,"comment_status":"open","ping_status":"closed","template":"","meta":{"_acf_changed":false,"site-sidebar-layout":"default","site-content-layout":"","ast-site-content-layout":"default","site-content-style":"default","site-sidebar-style":"default","ast-global-header-display":"","ast-banner-title-visibility":"","ast-main-header-display":"","ast-hfb-above-header-display":"","ast-hfb-below-header-display":"","ast-hfb-mobile-header-display":"","site-post-title":"","ast-breadcrumbs-content":"","ast-featured-img":"","footer-sml-layout":"","ast-disable-related-posts":"","theme-transparent-header-meta":"default","adv-header-id-meta":"","stick-header-meta":"","header-above-stick-meta":"","header-main-stick-meta":"","header-below-stick-meta":"","astra-migrate-meta-layouts":"set","ast-page-background-enabled":"default","ast-page-background-meta":{"desktop":{"background-color":"var(--ast-global-color-4)","background-image":"","background-repeat":"repeat","background-position":"center center","background-size":"auto","background-attachment":"scroll","background-type":"","background-media":"","overlay-type":"","overlay-color":"","overlay-opacity":"","overlay-gradient":""},"tablet":{"background-color":"","background-image":"","background-repeat":"repeat","background-position":"center center","background-size":"auto","background-attachment":"scroll","background-type":"","background-media":"","overlay-type":"","overlay-color":"","overlay-opacity":"","overlay-gradient":""},"mobile":{"background-color":"","background-image":"","background-repeat":"repeat","background-position":"center center","background-size":"auto","background-attachment":"scroll","background-type":"","background-media":"","overlay-type":"","overlay-color":"","overlay-opacity":"","overlay-gradient":""}},"ast-content-background-meta":{"desktop":{"background-color":"var(--ast-global-color-5)","background-image":"","background-repeat":"repeat","background-position":"center center","background-size":"auto","background-attachment":"scroll","background-type":"","background-media":"","overlay-type":"","overlay-color":"","overlay-opacity":"","overlay-gradient":""},"tablet":{"background-color":"var(--ast-global-color-5)","background-image":"","background-repeat":"repeat","background-position":"center center","background-size":"auto","background-attachment":"scroll","background-type":"","background-media":"","overlay-type":"","overlay-color":"","overlay-opacity":"","overlay-gradient":""},"mobile":{"background-color":"var(--ast-global-color-5)","background-image":"","background-repeat":"repeat","background-position":"center center","background-size":"auto","background-attachment":"scroll","background-type":"","background-media":"","overlay-type":"","overlay-color":"","overlay-opacity":"","overlay-gradient":""}}},"product_brand":[],"product_cat":[55,19,52,38],"product_tag":[],"class_list":{"0":"post-7177","1":"product","2":"type-product","3":"status-publish","4":"has-post-thumbnail","6":"product_cat-escort","7":"product_cat-disponible","8":"product_cat-carrusel","9":"product_cat-ladys-escorts-ibiza","10":"desktop-align-left","11":"tablet-align-left","12":"mobile-align-left","14":"first","15":"instock","16":"shipping-taxable","17":"product-type-simple"},"acf":[],"gallery_images":[7180,7178,7179,7181,7182,7183],"_links":{"self":[{"href":"https:\/\/ibizagirls.net\/en\/wp-json\/wp\/v2\/product\/7177"}],"collection":[{"href":"https:\/\/ibizagirls.net\/en\/wp-json\/wp\/v2\/product"}],"about":[{"href":"https:\/\/ibizagirls.net\/en\/wp-json\/wp\/v2\/types\/product"}],"replies":[{"embeddable":true,"href":"https:\/\/ibizagirls.net\/en\/wp-json\/wp\/v2\/comments?post=7177"}],"wp:featuredmedia":[{"embeddable":true,"href":"https:\/\/ibizagirls.net\/en\/wp-json\/wp\/v2\/media\/7180"}],"wp:attachment":[{"href":"https:\/\/ibizagirls.net\/en\/wp-json\/wp\/v2\/media?parent=7177"}],"wp:term":[{"taxonomy":"product_brand","embeddable":true,"href":"https:\/\/ibizagirls.net\/en\/wp-json\/wp\/v2\/product_brand?post=7177"},{"taxonomy":"product_cat","embeddable":true,"href":"https:\/\/ibizagirls.net\/en\/wp-json\/wp\/v2\/product_cat?post=7177"},{"taxonomy":"product_tag","embeddable":true,"href":"https:\/\/ibizagirls.net\/en\/wp-json\/wp\/v2\/product_tag?post=7177"}],"curies":[{"name":"wp","href":"https:\/\/api.w.org\/{rel}","templated":true}]}}