{"id":7342,"date":"2026-05-07T01:51:50","date_gmt":"2026-05-06T23:51:50","guid":{"rendered":"https:\/\/ibizagirls.net\/?post_type=product&#038;p=7342"},"modified":"2026-05-07T01:51:50","modified_gmt":"2026-05-06T23:51:50","slug":"cristal-4","status":"publish","type":"product","link":"https:\/\/ibizagirls.net\/en\/cristal-4\/","title":{"rendered":"Glass"},"content":{"rendered":"<p data-start=\"0\" data-end=\"300\">Hola cielo, soy <strong data-start=\"25\" data-end=\"36\">Glass<\/strong>, a <strong data-start=\"42\" data-end=\"76\">escort latina de lujo en Ibiza<\/strong>, con una figura elegante, piel suave y una personalidad que combina sensualidad, dulzura y un estilo sofisticado que no pasa desapercibido. Me gusta crear un ambiente cercano donde todo fluya con naturalidad y discreci\u00f3n.<\/p>\n<p data-start=\"302\" data-end=\"556\">Estoy en la isla para compartir contigo experiencias \u00fanicas: cenas rom\u00e1nticas frente al mar, paseos en yate al atardecer, veladas privadas y encuentros \u00edntimos llenos de complicidad. Cada cita est\u00e1 pensada para que disfrutes de algo realmente especial.<\/p>\n<p data-start=\"558\" data-end=\"725\">Disponible <strong data-start=\"569\" data-end=\"577\">24\/7<\/strong>, realizo salidas a <strong data-start=\"597\" data-end=\"625\">hotels, villas and boats<\/strong>, o puedo recibirte en un <strong data-start=\"651\" data-end=\"683\">apartamento privado en Ibiza<\/strong>, \u00edntimo y reservado solo para nosotros.<\/p>\n<p data-start=\"727\" data-end=\"783\">Reserva ahora y d\u00e9jame ser tu mejor recuerdo en la isla.<\/p>","protected":false},"excerpt":{"rendered":"<div style=\"width: 480px;\" class=\"wp-video\"><!--[if lt IE 9]><script>document.createElement('video');<\/script><![endif]--><br \/>\n<video class=\"wp-video-shortcode\" id=\"video-7342-1\" width=\"480\" height=\"848\" preload=\"metadata\" controls=\"controls\"><source type=\"video\/mp4\" src=\"https:\/\/ibizagirls.net\/wp-content\/uploads\/2026\/05\/Video-Cristal-Azafata-en-Ibiza.mp4?_=1\" \/><a href=\"https:\/\/ibizagirls.net\/wp-content\/uploads\/2026\/05\/Video-Cristal-Azafata-en-Ibiza.mp4\">https:\/\/ibizagirls.net\/wp-content\/uploads\/2026\/05\/Video-Cristal-Azafata-en-Ibiza.mp4<\/a><\/video><\/div>","protected":false},"featured_media":7346,"comment_status":"open","ping_status":"closed","template":"","meta":{"_acf_changed":false,"site-sidebar-layout":"default","site-content-layout":"","ast-site-content-layout":"default","site-content-style":"default","site-sidebar-style":"default","ast-global-header-display":"","ast-banner-title-visibility":"","ast-main-header-display":"","ast-hfb-above-header-display":"","ast-hfb-below-header-display":"","ast-hfb-mobile-header-display":"","site-post-title":"","ast-breadcrumbs-content":"","ast-featured-img":"","footer-sml-layout":"","ast-disable-related-posts":"","theme-transparent-header-meta":"default","adv-header-id-meta":"","stick-header-meta":"","header-above-stick-meta":"","header-main-stick-meta":"","header-below-stick-meta":"","astra-migrate-meta-layouts":"set","ast-page-background-enabled":"default","ast-page-background-meta":{"desktop":{"background-color":"var(--ast-global-color-4)","background-image":"","background-repeat":"repeat","background-position":"center center","background-size":"auto","background-attachment":"scroll","background-type":"","background-media":"","overlay-type":"","overlay-color":"","overlay-opacity":"","overlay-gradient":""},"tablet":{"background-color":"","background-image":"","background-repeat":"repeat","background-position":"center center","background-size":"auto","background-attachment":"scroll","background-type":"","background-media":"","overlay-type":"","overlay-color":"","overlay-opacity":"","overlay-gradient":""},"mobile":{"background-color":"","background-image":"","background-repeat":"repeat","background-position":"center center","background-size":"auto","background-attachment":"scroll","background-type":"","background-media":"","overlay-type":"","overlay-color":"","overlay-opacity":"","overlay-gradient":""}},"ast-content-background-meta":{"desktop":{"background-color":"var(--ast-global-color-5)","background-image":"","background-repeat":"repeat","background-position":"center center","background-size":"auto","background-attachment":"scroll","background-type":"","background-media":"","overlay-type":"","overlay-color":"","overlay-opacity":"","overlay-gradient":""},"tablet":{"background-color":"var(--ast-global-color-5)","background-image":"","background-repeat":"repeat","background-position":"center center","background-size":"auto","background-attachment":"scroll","background-type":"","background-media":"","overlay-type":"","overlay-color":"","overlay-opacity":"","overlay-gradient":""},"mobile":{"background-color":"var(--ast-global-color-5)","background-image":"","background-repeat":"repeat","background-position":"center center","background-size":"auto","background-attachment":"scroll","background-type":"","background-media":"","overlay-type":"","overlay-color":"","overlay-opacity":"","overlay-gradient":""}}},"product_brand":[],"product_cat":[55,19,52,54,38],"product_tag":[],"class_list":{"0":"post-7342","1":"product","2":"type-product","3":"status-publish","4":"has-post-thumbnail","6":"product_cat-escort","7":"product_cat-disponible","8":"product_cat-carrusel","9":"product_cat-videos","10":"product_cat-ladys-escorts-ibiza","11":"desktop-align-left","12":"tablet-align-left","13":"mobile-align-left","15":"first","16":"instock","17":"shipping-taxable","18":"product-type-simple"},"acf":[],"gallery_images":[7346,7343,7344,7345,7347,7348,7349,7350,7351],"_links":{"self":[{"href":"https:\/\/ibizagirls.net\/en\/wp-json\/wp\/v2\/product\/7342"}],"collection":[{"href":"https:\/\/ibizagirls.net\/en\/wp-json\/wp\/v2\/product"}],"about":[{"href":"https:\/\/ibizagirls.net\/en\/wp-json\/wp\/v2\/types\/product"}],"replies":[{"embeddable":true,"href":"https:\/\/ibizagirls.net\/en\/wp-json\/wp\/v2\/comments?post=7342"}],"wp:featuredmedia":[{"embeddable":true,"href":"https:\/\/ibizagirls.net\/en\/wp-json\/wp\/v2\/media\/7346"}],"wp:attachment":[{"href":"https:\/\/ibizagirls.net\/en\/wp-json\/wp\/v2\/media?parent=7342"}],"wp:term":[{"taxonomy":"product_brand","embeddable":true,"href":"https:\/\/ibizagirls.net\/en\/wp-json\/wp\/v2\/product_brand?post=7342"},{"taxonomy":"product_cat","embeddable":true,"href":"https:\/\/ibizagirls.net\/en\/wp-json\/wp\/v2\/product_cat?post=7342"},{"taxonomy":"product_tag","embeddable":true,"href":"https:\/\/ibizagirls.net\/en\/wp-json\/wp\/v2\/product_tag?post=7342"}],"curies":[{"name":"wp","href":"https:\/\/api.w.org\/{rel}","templated":true}]}}