{"id":7397,"date":"2026-05-09T15:11:40","date_gmt":"2026-05-09T13:11:40","guid":{"rendered":"https:\/\/ibizagirls.net\/?post_type=product&#038;p=7397"},"modified":"2026-05-09T15:11:40","modified_gmt":"2026-05-09T13:11:40","slug":"julieta-4","status":"publish","type":"product","link":"https:\/\/ibizagirls.net\/en\/julieta-4\/","title":{"rendered":"Juliet"},"content":{"rendered":"<p data-start=\"1020\" data-end=\"1355\">Hello love, I am <strong data-start=\"1044\" data-end=\"1056\">Juliet<\/strong>, a <strong data-start=\"1062\" data-end=\"1103\">high class escort in Ibiza<\/strong>, con una presencia sofisticada, piel suave y una personalidad que combina elegancia, cercan\u00eda y una sensualidad natural que se percibe desde el primer instante. Me encanta cuidar cada detalle para que cada encuentro sea c\u00f3modo, exclusivo y especial.<\/p>\n<p data-start=\"1357\" data-end=\"1640\">Estoy en la isla para vivir contigo momentos selectos: cenas privadas frente al mar, paseos en yate por aguas cristalinas, veladas \u00edntimas y encuentros donde la discreci\u00f3n y la conexi\u00f3n personal son lo m\u00e1s importante. Todo pensado para que disfrutes de una experiencia a tu medida.<\/p>\n<p data-start=\"1642\" data-end=\"1862\">I am available <strong data-start=\"1659\" data-end=\"1675\">las 24 horas<\/strong>, puedo desplazarme a tu <strong data-start=\"1700\" data-end=\"1724\">hotel, villa o barco<\/strong>, o recibirte en un <strong data-start=\"1744\" data-end=\"1776\">apartamento privado en Ibiza<\/strong>, \u00edntimo, c\u00f3modo y reservado solo para nosotros, perfecto para disfrutar sin prisas.<\/p>\n<p data-start=\"1864\" data-end=\"1959\">Haz tu reserva y perm\u00edteme ser ese plan especial que recordar\u00e1s mucho despu\u00e9s de dejar la isla.<\/p>","protected":false},"excerpt":{"rendered":"<p>Hola amor, soy Julieta, una escort de alto nivel en Ibiza, con una presencia sofisticada, piel suave y una personalidad [&hellip;]<\/p>","protected":false},"featured_media":7400,"comment_status":"open","ping_status":"closed","template":"","meta":{"_acf_changed":false,"site-sidebar-layout":"default","site-content-layout":"","ast-site-content-layout":"default","site-content-style":"default","site-sidebar-style":"default","ast-global-header-display":"","ast-banner-title-visibility":"","ast-main-header-display":"","ast-hfb-above-header-display":"","ast-hfb-below-header-display":"","ast-hfb-mobile-header-display":"","site-post-title":"","ast-breadcrumbs-content":"","ast-featured-img":"","footer-sml-layout":"","ast-disable-related-posts":"","theme-transparent-header-meta":"default","adv-header-id-meta":"","stick-header-meta":"","header-above-stick-meta":"","header-main-stick-meta":"","header-below-stick-meta":"","astra-migrate-meta-layouts":"set","ast-page-background-enabled":"default","ast-page-background-meta":{"desktop":{"background-color":"var(--ast-global-color-4)","background-image":"","background-repeat":"repeat","background-position":"center center","background-size":"auto","background-attachment":"scroll","background-type":"","background-media":"","overlay-type":"","overlay-color":"","overlay-opacity":"","overlay-gradient":""},"tablet":{"background-color":"","background-image":"","background-repeat":"repeat","background-position":"center center","background-size":"auto","background-attachment":"scroll","background-type":"","background-media":"","overlay-type":"","overlay-color":"","overlay-opacity":"","overlay-gradient":""},"mobile":{"background-color":"","background-image":"","background-repeat":"repeat","background-position":"center center","background-size":"auto","background-attachment":"scroll","background-type":"","background-media":"","overlay-type":"","overlay-color":"","overlay-opacity":"","overlay-gradient":""}},"ast-content-background-meta":{"desktop":{"background-color":"var(--ast-global-color-5)","background-image":"","background-repeat":"repeat","background-position":"center center","background-size":"auto","background-attachment":"scroll","background-type":"","background-media":"","overlay-type":"","overlay-color":"","overlay-opacity":"","overlay-gradient":""},"tablet":{"background-color":"var(--ast-global-color-5)","background-image":"","background-repeat":"repeat","background-position":"center center","background-size":"auto","background-attachment":"scroll","background-type":"","background-media":"","overlay-type":"","overlay-color":"","overlay-opacity":"","overlay-gradient":""},"mobile":{"background-color":"var(--ast-global-color-5)","background-image":"","background-repeat":"repeat","background-position":"center center","background-size":"auto","background-attachment":"scroll","background-type":"","background-media":"","overlay-type":"","overlay-color":"","overlay-opacity":"","overlay-gradient":""}}},"product_brand":[],"product_cat":[55,19,52,38],"product_tag":[],"class_list":{"0":"post-7397","1":"product","2":"type-product","3":"status-publish","4":"has-post-thumbnail","6":"product_cat-escort","7":"product_cat-disponible","8":"product_cat-carrusel","9":"product_cat-ladys-escorts-ibiza","10":"desktop-align-left","11":"tablet-align-left","12":"mobile-align-left","14":"first","15":"instock","16":"shipping-taxable","17":"product-type-simple"},"acf":[],"gallery_images":[7400,7398,7399,7401,7402,7403,7404],"_links":{"self":[{"href":"https:\/\/ibizagirls.net\/en\/wp-json\/wp\/v2\/product\/7397"}],"collection":[{"href":"https:\/\/ibizagirls.net\/en\/wp-json\/wp\/v2\/product"}],"about":[{"href":"https:\/\/ibizagirls.net\/en\/wp-json\/wp\/v2\/types\/product"}],"replies":[{"embeddable":true,"href":"https:\/\/ibizagirls.net\/en\/wp-json\/wp\/v2\/comments?post=7397"}],"wp:featuredmedia":[{"embeddable":true,"href":"https:\/\/ibizagirls.net\/en\/wp-json\/wp\/v2\/media\/7400"}],"wp:attachment":[{"href":"https:\/\/ibizagirls.net\/en\/wp-json\/wp\/v2\/media?parent=7397"}],"wp:term":[{"taxonomy":"product_brand","embeddable":true,"href":"https:\/\/ibizagirls.net\/en\/wp-json\/wp\/v2\/product_brand?post=7397"},{"taxonomy":"product_cat","embeddable":true,"href":"https:\/\/ibizagirls.net\/en\/wp-json\/wp\/v2\/product_cat?post=7397"},{"taxonomy":"product_tag","embeddable":true,"href":"https:\/\/ibizagirls.net\/en\/wp-json\/wp\/v2\/product_tag?post=7397"}],"curies":[{"name":"wp","href":"https:\/\/api.w.org\/{rel}","templated":true}]}}