{"id":436,"date":"2024-09-28T19:34:12","date_gmt":"2024-09-28T17:34:12","guid":{"rendered":"https:\/\/ibizagirls.net\/?page_id=436"},"modified":"2025-11-13T21:38:37","modified_gmt":"2025-11-13T20:38:37","slug":"agences-escorts-ibiza","status":"publish","type":"page","link":"https:\/\/ibizagirls.net\/fr\/agences-escorts-ibiza\/","title":{"rendered":"Agences"},"content":{"rendered":"<div data-elementor-type=\"wp-page\" data-elementor-id=\"436\" class=\"elementor elementor-436\" data-elementor-post-type=\"page\">\n\t\t\t\t<div class=\"elementor-element elementor-element-20f2f71 e-flex e-con-boxed e-con e-parent\" data-id=\"20f2f71\" data-element_type=\"container\" data-e-type=\"container\" data-settings=\"{&quot;background_background&quot;:&quot;classic&quot;}\">\n\t\t\t\t\t<div class=\"e-con-inner\">\n\t\t\t\t<div class=\"elementor-element elementor-element-0e3c105 elementor-widget elementor-widget-heading\" data-id=\"0e3c105\" data-element_type=\"widget\" data-e-type=\"widget\" data-widget_type=\"heading.default\">\n\t\t\t\t\t<h1 class=\"elementor-heading-title elementor-size-default\">Agences Escorts Ibiza<\/h1>\t\t\t\t<\/div>\n\t\t\t\t\t<\/div>\n\t\t\t\t<\/div>\n\t\t<div class=\"elementor-element elementor-element-edc835e e-con-full e-flex e-con e-parent\" data-id=\"edc835e\" data-element_type=\"container\" data-e-type=\"container\">\n\t\t<div class=\"elementor-element elementor-element-40f13da e-con-full e-flex e-con e-child\" data-id=\"40f13da\" data-element_type=\"container\" data-e-type=\"container\">\n\t\t\t\t<\/div>\n\t\t<div class=\"elementor-element elementor-element-f53fc08 e-con-full e-flex e-con e-child\" data-id=\"f53fc08\" data-element_type=\"container\" data-e-type=\"container\">\n\t\t\t\t<div class=\"elementor-element elementor-element-54d5b13 elementor-widget elementor-widget-image\" data-id=\"54d5b13\" data-element_type=\"widget\" data-e-type=\"widget\" data-widget_type=\"image.default\">\n\t\t\t\t\t\t\t\t\t\t\t\t\t\t\t\t<a href=\"https:\/\/ibizagirls.net\/fr\/ladys-escorts\/\">\n\t\t\t\t\t\t\t<img fetchpriority=\"high\" decoding=\"async\" width=\"400\" height=\"600\" src=\"https:\/\/ibizagirls.net\/wp-content\/uploads\/2024\/10\/675867.jpg\" class=\"attachment-full size-full wp-image-939\" alt=\"\" srcset=\"https:\/\/ibizagirls.net\/wp-content\/uploads\/2024\/10\/675867.jpg 400w, https:\/\/ibizagirls.net\/wp-content\/uploads\/2024\/10\/675867-200x300.jpg 200w\" sizes=\"(max-width: 400px) 100vw, 400px\" \/>\t\t\t\t\t\t\t\t<\/a>\n\t\t\t\t\t\t\t\t\t\t\t\t\t\t\t<\/div>\n\t\t\t\t<div class=\"elementor-element elementor-element-85b4368 elementor-widget elementor-widget-heading\" data-id=\"85b4368\" data-element_type=\"widget\" data-e-type=\"widget\" data-widget_type=\"heading.default\">\n\t\t\t\t\t<h2 class=\"elementor-heading-title elementor-size-default\"><a href=\"https:\/\/ibizagirls.net\/fr\/ladys-escorts\/\">Escortes f\u00e9minines<\/a><\/h2>\t\t\t\t<\/div>\n\t\t\t\t<\/div>\n\t\t<div class=\"elementor-element elementor-element-c239c59 e-con-full e-flex e-con e-child\" data-id=\"c239c59\" data-element_type=\"container\" data-e-type=\"container\">\n\t\t\t\t<div class=\"elementor-element elementor-element-fef31ce elementor-widget elementor-widget-image\" data-id=\"fef31ce\" data-element_type=\"widget\" data-e-type=\"widget\" data-widget_type=\"image.default\">\n\t\t\t\t\t\t\t\t\t\t\t\t\t\t\t\t<a href=\"https:\/\/ibizagirls.net\/fr\/queens-ibiza\/\">\n\t\t\t\t\t\t\t<img decoding=\"async\" width=\"400\" height=\"600\" src=\"https:\/\/ibizagirls.net\/wp-content\/uploads\/2024\/10\/98090.jpg\" class=\"attachment-full size-full wp-image-940\" alt=\"\" srcset=\"https:\/\/ibizagirls.net\/wp-content\/uploads\/2024\/10\/98090.jpg 400w, https:\/\/ibizagirls.net\/wp-content\/uploads\/2024\/10\/98090-200x300.jpg 200w\" sizes=\"(max-width: 400px) 100vw, 400px\" \/>\t\t\t\t\t\t\t\t<\/a>\n\t\t\t\t\t\t\t\t\t\t\t\t\t\t\t<\/div>\n\t\t\t\t<div class=\"elementor-element elementor-element-7c42648 elementor-widget elementor-widget-heading\" data-id=\"7c42648\" data-element_type=\"widget\" data-e-type=\"widget\" data-widget_type=\"heading.default\">\n\t\t\t\t\t<h2 class=\"elementor-heading-title elementor-size-default\"><a href=\"https:\/\/ibizagirls.net\/fr\/queens-ibiza\/\">Queens Ibiza <\/a><\/h2>\t\t\t\t<\/div>\n\t\t\t\t<\/div>\n\t\t<div class=\"elementor-element elementor-element-1bb4b31 e-con-full e-flex e-con e-child\" data-id=\"1bb4b31\" data-element_type=\"container\" data-e-type=\"container\">\n\t\t\t\t<\/div>\n\t\t\t\t<\/div>\n\t\t<div class=\"elementor-element elementor-element-81a0a50 e-flex e-con-boxed e-con e-parent\" data-id=\"81a0a50\" data-element_type=\"container\" data-e-type=\"container\">\n\t\t\t\t\t<div class=\"e-con-inner\">\n\t\t\t\t<div class=\"elementor-element elementor-element-2263bb2 elementor-widget elementor-widget-text-editor\" data-id=\"2263bb2\" data-element_type=\"widget\" data-e-type=\"widget\" data-widget_type=\"text-editor.default\">\n\t\t\t\t\t\t\t\t\t<h2 style=\"text-align: center;\">Girls Ibiza : Votre guide de luxe pour trouver la meilleure agence d'escorte \u00e0 Ibiza<\/h2>\n<p>Le <strong>Agences d'escortes \u00e0 Ibiza <\/strong>offrent des services d'escorte de haut niveau sur l'\u00eele. Ces agences mettent en relation des clients avec des escortes s\u00e9lectionn\u00e9es, garantissant un environnement s\u00fbr et professionnel.<\/p>\n<p>Le secteur de l'escorte \u00e0 Ibiza s'est adapt\u00e9 pour r\u00e9pondre aux exigences d'un march\u00e9 exclusif. Les services propos\u00e9s vont de l'accompagnement \u00e0 des \u00e9v\u00e9nements sociaux \u00e0 des exp\u00e9riences personnalis\u00e9es, offrant ainsi diverses options \u00e0 chaque client.<\/p>\n<h2 style=\"text-align: center;\">Cr\u00e9ation et fonctionnement des agences d'escortes Ibiza<\/h2>\n<p><img decoding=\"async\" class=\"wp-image-1183 aligncenter\" src=\"https:\/\/ibizagirls.net\/wp-content\/uploads\/2024\/10\/657547858.png\" alt=\"\" width=\"669\" height=\"444\"><\/p>\n<p><\/p>\n<p>Les agences d'escorte d'Ibiza ont \u00e9volu\u00e9 pour s'adapter \u00e0 un march\u00e9 qui privil\u00e9gie la s\u00e9curit\u00e9, le professionnalisme et l'exclusivit\u00e9. Leur structure et leur fonctionnement reposent sur des \u00e9l\u00e9ments cl\u00e9s qui garantissent le service et la qualit\u00e9.<\/p>\n<h3 style=\"text-align: center;\">Interm\u00e9diation professionnelle<\/h3>\n<p>Les agences servent d'interm\u00e9diaires entre les clients et les escortes. Ce r\u00f4le est crucial, car il permet aux deux parties de b\u00e9n\u00e9ficier d'un environnement s\u00fbr et contr\u00f4l\u00e9. Les agences g\u00e8rent tous les aspects du rendez-vous, de la prise de rendez-vous \u00e0 la communication pr\u00e9alable, ce qui facilite une rencontre agr\u00e9able et sans heurts.<\/p>\n<p>Le protocole de m\u00e9diation professionnelle comprend<\/p>\n<ul>\n<li>Gestion de l'agenda des rendez-vous.<\/li>\n<li>Traitement de la publicit\u00e9 pour les escortes.<\/li>\n<li>Garantie de s\u00e9curit\u00e9 et de confort pour les deux parties.<\/li>\n<\/ul>\n<h3 style=\"text-align: center;\">S\u00e9lection rigoureuse des mod\u00e8les<\/h3>\n<p>La qualit\u00e9 du service d\u00e9pend en grande partie de la s\u00e9lection des escortes. Les agences mettent en \u0153uvre un processus de s\u00e9lection exhaustif, qui garantit que seules les meilleures professionnelles font partie de leur offre. Pour ce faire, elles \u00e9valuent diff\u00e9rents crit\u00e8res qui vont au-del\u00e0 de la beaut\u00e9 physique.<\/p>\n<p>Les crit\u00e8res de s\u00e9lection sont les suivants :<\/p>\n<ul>\n<li>L'apparence physique et l'\u00e9l\u00e9gance.<\/li>\n<li>Comportement et professionnalisme.<\/li>\n<li>Comp\u00e9tences en mati\u00e8re de communication et capacit\u00e9 \u00e0 s'adapter \u00e0 diff\u00e9rents environnements sociaux.<\/li>\n<\/ul>\n<p>Cette rigueur garantit que les clients ont acc\u00e8s \u00e0 un niveau d'escortes qui r\u00e9pond \u00e0 leurs attentes et \u00e0 leurs exigences.<\/p>\n<h3 style=\"text-align: center;\">Conformit\u00e9 r\u00e9glementaire et s\u00e9curit\u00e9<\/h3>\n<p>Les bonnes agences d'escorte op\u00e8rent dans le respect des r\u00e9glementations qui visent \u00e0 prot\u00e9ger \u00e0 la fois les clients et les escortes. Cela implique la mise en \u0153uvre de protocoles de sant\u00e9 et de s\u00e9curit\u00e9 qui minimisent les risques lors des rencontres.<\/p>\n<p>Les mesures prises sont les suivantes :<\/p>\n<ul>\n<li>Contr\u00f4le r\u00e9gulier de l'\u00e9tat de sant\u00e9 des escortes.<\/li>\n<li>Formation aux pratiques de s\u00fbret\u00e9 et de s\u00e9curit\u00e9 et \u00e0 la protection personnelle.<\/li>\n<li>Clauses de confidentialit\u00e9 qui prot\u00e8gent la vie priv\u00e9e des clients.<\/li>\n<\/ul>\n<p>Le respect de ces r\u00e8gles contribue \u00e0 cr\u00e9er un climat de confiance, ce qui est essentiel dans ce secteur. En suivant ces protocoles, les agences se positionnent comme une option s\u00fbre dans l'industrie du divertissement \u00e0 Ibiza.<\/p>\n<h2 style=\"text-align: center;\">Avantages de l'embauche par une agence d'escorte<\/h2>\n<p>Le recours aux services d'une agence d'escorte offre de nombreux avantages qui enrichissent l'exp\u00e9rience du client. Professionnalisme, s\u00e9curit\u00e9 et vari\u00e9t\u00e9 ne sont que quelques-uns des aspects qui ressortent lorsque l'on opte pour ces agences.<\/p>\n<h3 style=\"text-align: center;\">Sensibilisation et protection de la sant\u00e9<\/h3>\n<p>Les agences d'escorte mettent souvent en \u0153uvre des politiques strictes en mati\u00e8re de sant\u00e9 et de s\u00e9curit\u00e9. Ces mesures sont essentielles pour garantir la s\u00e9curit\u00e9 des clients et des escortes. Les pratiques les plus courantes sont les suivantes :<\/p>\n<ul>\n<li>Exigences sanitaires pr\u00e9alables \u00e0 la r\u00e9union.<\/li>\n<li>Protocoles de s\u00e9curit\u00e9 pour minimiser les risques pendant les rendez-vous.<\/li>\n<li>Formation des conseillers en sant\u00e9 sexuelle et en pr\u00e9vention.<\/li>\n<\/ul>\n<h3 style=\"text-align: center;\">Discr\u00e9tion et professionnalisme<\/h3>\n<p>La discr\u00e9tion est l'un des piliers fondamentaux du service offert par les agences d'escorte. Elles s'efforcent de pr\u00e9server la confidentialit\u00e9 de toutes les interactions. Cette approche se caract\u00e9rise notamment par les \u00e9l\u00e9ments suivants<\/p>\n<ul>\n<li>Traitement confidentiel des informations relatives aux clients.<\/li>\n<li>Des environnements de rencontre s\u00fbrs et priv\u00e9s.<\/li>\n<li>Formation aux comp\u00e9tences sociales et de communication pour des \u00e9changes fluides.<\/li>\n<\/ul>\n<h3 style=\"text-align: center;\">Vari\u00e9t\u00e9 d'options d'escorte<\/h3>\n<p>L'un des avantages ind\u00e9niables de passer par une agence est le large choix d'escortes disponibles. Les clients peuvent choisir parmi une vari\u00e9t\u00e9 d'options, ce qui leur permet de personnaliser leur exp\u00e9rience en fonction de leurs pr\u00e9f\u00e9rences. Les agences proposent g\u00e9n\u00e9ralement<\/p>\n<ul>\n<li>Des escortes avec des styles et des personnalit\u00e9s diff\u00e9rents.<\/li>\n<li>Des mod\u00e8les qui s'adaptent aux diff\u00e9rentes situations et \u00e9v\u00e9nements sociaux.<\/li>\n<li>Des profils d\u00e9taill\u00e9s qui permettent un choix \u00e9clair\u00e9 et appropri\u00e9.<\/li>\n<\/ul>\n<h3 style=\"text-align: center;\">Soutien continu \u00e0 la client\u00e8le<\/h3>\n<p>Le <strong>Agences d'escortes d'Ibiza<\/strong> excelle \u00e9galement dans la fourniture d'un soutien exceptionnel \u00e0 la client\u00e8le. Ce soutien s'\u00e9tend \u00e0 l'ensemble du processus contractuel, garantissant que chaque d\u00e9tail est pris en compte. Parmi les services propos\u00e9s, citons<\/p>\n<ul>\n<li>Conseils pour choisir la meilleure escorte en fonction des besoins du client.<\/li>\n<li>Organisation et gestion des rendez-vous, en veillant \u00e0 ce qu'ils se d\u00e9roulent sans heurts.<\/li>\n<li>Un soutien et une attention personnalis\u00e9s \u00e0 tout moment, y compris en cas d'ajustement ou de modification des plans.<\/li>\n<\/ul>\n<h2 style=\"text-align: center;\">Services offerts par les agences d'escorte \u00e0 Ibiza<\/h2>\n<p><img loading=\"lazy\" decoding=\"async\" class=\"wp-image-1179 aligncenter\" src=\"https:\/\/ibizagirls.net\/wp-content\/uploads\/2024\/10\/79456734.png\" alt=\"\" width=\"722\" height=\"479\"><\/p>\n<p><\/p>\n<p>Les agences d'escorte d'Ibiza se sp\u00e9cialisent dans la fourniture d'une vari\u00e9t\u00e9 de services con\u00e7us pour r\u00e9pondre aux besoins de leurs clients. De l'escorte lors d'\u00e9v\u00e9nements sociaux \u00e0 des exp\u00e9riences uniques et personnalis\u00e9es, l'offre est vari\u00e9e et ax\u00e9e sur le luxe.<\/p>\n<h3 style=\"text-align: center;\">Accompagnement d'\u00e9v\u00e9nements sociaux<\/h3>\n<p>L'accompagnement lors d'\u00e9v\u00e9nements sociaux permet aux clients de profiter de la compagnie d'escortes \u00e9l\u00e9gantes et charismatiques en diverses occasions. Ce service s'adapte \u00e0 la nature et au ton de l'\u00e9v\u00e9nement, en veillant \u00e0 ce que la pr\u00e9sence soit toujours appropri\u00e9e et sophistiqu\u00e9e.<\/p>\n<h4 style=\"text-align: center;\">D\u00eeners d'entreprise<\/h4>\n<p>Les d\u00eeners d'entreprise sont une excellente occasion d'impressionner les coll\u00e8gues ou les clients. Les escortes assurent une conversation agr\u00e9able et une atmosph\u00e8re plaisante, am\u00e9liorant ainsi l'exp\u00e9rience globale de la r\u00e9union.<\/p>\n<h4 style=\"text-align: center;\">Soir\u00e9es priv\u00e9es<\/h4>\n<p>Assister \u00e0 des f\u00eates priv\u00e9es avec une escorte permet aux clients de profiter d'une compagnie non seulement s\u00e9duisante, mais aussi capable de s'int\u00e9grer dans diff\u00e9rentes dynamiques sociales, ajoutant ainsi une touche sp\u00e9ciale \u00e0 l'\u00e9v\u00e9nement.<\/p>\n<h3 style=\"text-align: center;\">Exp\u00e9riences exclusives et personnalis\u00e9es<\/h3>\n<p>Les agences proposent \u00e9galement des exp\u00e9riences exclusives sur mesure, con\u00e7ues pour ceux qui recherchent des moments inoubliables sur l'\u00eele.<\/p>\n<h4 style=\"text-align: center;\">D\u00eener dans des restaurants exclusifs<\/h4>\n<p>D\u00eener dans un restaurant exclusif avec une escorte ajoute un \u00e9l\u00e9ment de glamour \u00e0 une soir\u00e9e sp\u00e9ciale. Les agences organisent des r\u00e9servations dans les meilleurs \u00e9tablissements, garantissant ainsi une exp\u00e9rience gastronomique exceptionnelle.<\/p>\n<h4 style=\"text-align: center;\">Promenades en yacht<\/h4>\n<p>L'une des offres les plus demand\u00e9es consiste \u00e0 vivre une exp\u00e9rience sur un yacht dans les eaux cristallines d'Ibiza. Les agences proposent des voyages en yacht de luxe, o\u00f9 la pr\u00e9sence d'une escorte rend le moment encore plus sp\u00e9cial.<\/p>\n<h3 style=\"text-align: center;\">Services de massage \u00e9rotique et de relaxation<\/h3>\n<p>Les agences d'escorte proposent g\u00e9n\u00e9ralement des massages \u00e9rotiques dans le cadre de leur offre de services. Ce type de massage, r\u00e9alis\u00e9 par des professionnels, offre des moments de d\u00e9tente et de sensualit\u00e9, en s'adaptant aux pr\u00e9f\u00e9rences du client.<\/p>\n<h3 style=\"text-align: center;\">Organisation d'\u00e9v\u00e9nements m\u00e9morables<\/h3>\n<p>L'organisation d'\u00e9v\u00e9nements est un autre service remarquable. Les agences ont la capacit\u00e9 de g\u00e9rer et de coordonner des \u00e9v\u00e9nements exclusifs auxquels participent des escortes, en veillant \u00e0 ce que chaque d\u00e9tail soit soigneusement pris en compte.<\/p>\n<h3 style=\"text-align: center;\">Accompagnateurs de haut niveau<\/h3>\n<p>Les agences s\u00e9lectionnent leurs escortes selon des crit\u00e8res rigoureux, garantissant que celles qui font partie de leur offre sont de grande qualit\u00e9 et r\u00e9pondent \u00e0 des attentes \u00e9lev\u00e9es.<\/p>\n<h4 style=\"text-align: center;\">Une s\u00e9lection rigoureuse<\/h4>\n<p>La s\u00e9lection des escortes n'est pas seulement bas\u00e9e sur l'esth\u00e9tique, mais aussi sur la personnalit\u00e9 et les aptitudes sociales. Cela permet de s'assurer que chaque escorte est capable de tenir des conversations int\u00e9ressantes et de s'adapter \u00e0 diff\u00e9rents environnements.<\/p>\n<h4 style=\"text-align: center;\">Des services de haute qualit\u00e9<\/h4>\n<p>Les services propos\u00e9s sont de grande qualit\u00e9 et s'adressent \u00e0 un public exigeant. Les agences s'engagent \u00e0 offrir des exp\u00e9riences m\u00e9morables qui refl\u00e8tent le statut et le luxe recherch\u00e9s par leur client\u00e8le.<\/p>\n<h2 style=\"text-align: center;\">Confidentialit\u00e9 et s\u00e9curit\u00e9 dans les agences d'escorte<\/h2>\n<p>La confidentialit\u00e9 et la s\u00e9curit\u00e9 sont des aspects essentiels du fonctionnement des agences d'escorte. Ces entreprises s'efforcent d'assurer la protection des informations de leurs clients et de leurs escortes en \u00e9tablissant des politiques claires et des syst\u00e8mes fiables.<\/p>\n<h3 style=\"text-align: center;\">Politiques de traitement des donn\u00e9es sensibles<\/h3>\n<p>Les agences mettent en \u0153uvre des politiques strictes pour le traitement des donn\u00e9es sensibles. Il s'agit de g\u00e9rer avec soin toutes les informations personnelles fournies par les clients, en veillant \u00e0 ce qu'elles ne soient pas divulgu\u00e9es sans leur consentement. Ces politiques sont les suivantes<\/p>\n<ul>\n<li><strong>Collecte de donn\u00e9es limit\u00e9e : <\/strong>Seules les donn\u00e9es n\u00e9cessaires \u00e0 l'ex\u00e9cution du service sont collect\u00e9es.<\/li>\n<li><strong>Consentement \u00e9clair\u00e9 : <\/strong>Les clients sont inform\u00e9s de la mani\u00e8re dont leurs informations seront utilis\u00e9es et doivent donner leur consentement.<\/li>\n<li><strong>Acc\u00e8s restreint :<\/strong> Seul le personnel autoris\u00e9 a acc\u00e8s aux donn\u00e9es, ce qui minimise le risque de fuites.<\/li>\n<li><strong>Stockage s\u00e9curis\u00e9 : <\/strong>Les informations sont stock\u00e9es dans des syst\u00e8mes prot\u00e9g\u00e9s et crypt\u00e9s afin d'emp\u00eacher tout acc\u00e8s non autoris\u00e9.<\/li>\n<\/ul>\n<h3 style=\"text-align: center;\">Syst\u00e8mes de gestion des donn\u00e9es<\/h3>\n<p><img loading=\"lazy\" decoding=\"async\" class=\"wp-image-1182 aligncenter\" src=\"https:\/\/ibizagirls.net\/wp-content\/uploads\/2024\/10\/78768568.png\" alt=\"\" width=\"787\" height=\"522\"><\/p>\n<p><\/p>\n<p>Les agences utilisent des syst\u00e8mes avanc\u00e9s de gestion des donn\u00e9es pour garantir la s\u00e9curit\u00e9 de l'information. Ces syst\u00e8mes sont con\u00e7us pour g\u00e9rer les rendez-vous et prot\u00e9ger les donn\u00e9es sensibles des clients et des escortes. Les caract\u00e9ristiques sont les suivantes<\/p>\n<ul>\n<li><strong>Mises \u00e0 jour fr\u00e9quentes : <\/strong>Les syst\u00e8mes sont r\u00e9guli\u00e8rement mis \u00e0 jour pour se pr\u00e9munir contre les failles de s\u00e9curit\u00e9.<\/li>\n<li><strong>Copies de sauvegarde : <\/strong>Des sauvegardes r\u00e9guli\u00e8res sont effectu\u00e9es pour s'assurer que les informations ne sont pas perdues.<\/li>\n<li><strong>Protocoles de s\u00e9curit\u00e9 :<\/strong> Des protocoles de s\u00e9curit\u00e9 rigoureux sont mis en \u0153uvre pour d\u00e9tecter et pr\u00e9venir les menaces potentielles.<\/li>\n<li><strong>Formation du personnel : <\/strong>Les employ\u00e9s sont form\u00e9s aux pratiques s\u00fbres en mati\u00e8re de traitement des donn\u00e9es et de respect de la vie priv\u00e9e des clients.<\/li>\n<\/ul>\n<h2 style=\"text-align: center;\">Comment trouver la meilleure agence d'escortes \u00e0 Ibiza ?<\/h2>\n<p>Pour trouver l'agence id\u00e9ale \u00e0 Ibiza, il faut tenir compte de plusieurs facteurs cl\u00e9s qui garantissent une exp\u00e9rience satisfaisante et s\u00fbre dans le milieu de l'escorte. Il est essentiel de prendre en compte des aspects tels que la r\u00e9putation, les services offerts et la qualit\u00e9 des mod\u00e8les disponibles.<\/p>\n<h3 style=\"text-align: center;\">Facteurs \u00e0 prendre en compte lors du choix d'une agence<\/h3>\n<p>Lors de la s\u00e9lection d'une agence, il est important de prendre en compte les aspects suivants :<\/p>\n<ul>\n<li>Transparence dans les services offerts.<\/li>\n<li>Qualit\u00e9 des escortes disponibles.<\/li>\n<li>Mise en \u0153uvre des protocoles de sant\u00e9 et de s\u00e9curit\u00e9.<\/li>\n<li>Conditions d'intimit\u00e9 et de discr\u00e9tion.<\/li>\n<li>Avis et recommandations d'autres clients.<\/li>\n<\/ul>\n<h3 style=\"text-align: center;\">R\u00e9putation et commentaires d'autres clients<\/h3>\n<p>La r\u00e9putation d'une agence est un indicateur essentiel de la qualit\u00e9 de ses services. La recherche des avis d'autres clients permet de se faire une id\u00e9e du s\u00e9rieux et du professionnalisme de l'agence.<\/p>\n<p>Les commentaires et les t\u00e9moignages fournissent des informations pr\u00e9cieuses :<\/p>\n<ul>\n<li>L'exp\u00e9rience g\u00e9n\u00e9rale des autres utilisateurs.<\/li>\n<li>Ponctualit\u00e9 et pr\u00e9sentation des accompagnateurs.<\/li>\n<li>L'attention re\u00e7ue de la part du personnel de l'agence.<\/li>\n<\/ul>\n<h3 style=\"text-align: center;\">Notre annuaire : Ibiza Girls<\/h3>\n<p>Ibiza Girls est une option exceptionnelle qui permet de trouver facilement les meilleures agences d'escortes de l'\u00eele. Elle offre une plateforme structur\u00e9e pour acc\u00e9der \u00e0 des services de haute qualit\u00e9.<\/p>\n<h4 style=\"text-align: center;\">Avantages de l'utilisation de notre annuaire<\/h4>\n<ul>\n<li>Acc\u00e8s \u00e0 une s\u00e9lection v\u00e9rifi\u00e9e d'agences de luxe.<\/li>\n<li>Mises \u00e0 jour permanentes sur la disponibilit\u00e9 et les services.<\/li>\n<li>Facilit\u00e9 de comparaison des diff\u00e9rentes options en fonction des pr\u00e9f\u00e9rences.<\/li>\n<li>Interface conviviale pour une navigation efficace.<\/li>\n<\/ul>\n<h4 style=\"text-align: center;\">Vari\u00e9t\u00e9 d'escortes de luxe \u00e0 Ibiza Girls<\/h4>\n<p>L'annuaire comprend un large \u00e9ventail d'escortes, chacune avec des qualit\u00e9s uniques, ce qui permet aux clients de trouver l'option qui r\u00e9pond le mieux \u00e0 leurs besoins. Il s'agit notamment de :<\/p>\n<ul>\n<li>Des escortes avec des styles et des personnalit\u00e9s diff\u00e9rents.<\/li>\n<li>Mod\u00e8les participant \u00e0 des \u00e9v\u00e9nements sociaux, des d\u00eeners ou des exp\u00e9riences personnalis\u00e9es.<\/li>\n<li>Une gamme diversifi\u00e9e de services compl\u00e9mentaires.<\/li>\n<\/ul>\n<p><strong>Ibiza Girls est le meilleur r\u00e9pertoire d'escortes de classe sup\u00e9rieure \u00e0 Ibiza.<\/strong> Nous offrons un service exclusif avec les escortes les plus s\u00e9lectionn\u00e9es de l'\u00eele, garantissant discr\u00e9tion et qualit\u00e9. Si vous \u00eates \u00e0 la recherche d'une exp\u00e9rience unique \u00e0 Ibiza, notre annuaire est votre meilleure option. Faites confiance \u00e0 Ibiza Girls pour un service exceptionnel.<\/p>\t\t\t\t\t\t\t\t<\/div>\n\t\t\t\t\t<\/div>\n\t\t\t\t<\/div>\n\t\t\t\t<\/div>","protected":false},"excerpt":{"rendered":"<p>Agencias Escorts Ibiza Lady&#8217;s Escorts Queens Ibiza Girls Ibiza: Tu Gu\u00eda de Lujo para encontrar la mejor Agencia de Escorts [&hellip;]<\/p>","protected":false},"author":2,"featured_media":0,"parent":0,"menu_order":0,"comment_status":"closed","ping_status":"closed","template":"","meta":{"_acf_changed":false,"site-sidebar-layout":"no-sidebar","site-content-layout":"","ast-site-content-layout":"full-width-container","site-content-style":"default","site-sidebar-style":"default","ast-global-header-display":"","ast-banner-title-visibility":"","ast-main-header-display":"","ast-hfb-above-header-display":"","ast-hfb-below-header-display":"","ast-hfb-mobile-header-display":"","site-post-title":"disabled","ast-breadcrumbs-content":"","ast-featured-img":"disabled","footer-sml-layout":"","ast-disable-related-posts":"","theme-transparent-header-meta":"","adv-header-id-meta":"","stick-header-meta":"","header-above-stick-meta":"","header-main-stick-meta":"","header-below-stick-meta":"","astra-migrate-meta-layouts":"default","ast-page-background-enabled":"default","ast-page-background-meta":{"desktop":{"background-color":"var(--ast-global-color-4)","background-image":"","background-repeat":"repeat","background-position":"center center","background-size":"auto","background-attachment":"scroll","background-type":"","background-media":"","overlay-type":"","overlay-color":"","overlay-opacity":"","overlay-gradient":""},"tablet":{"background-color":"","background-image":"","background-repeat":"repeat","background-position":"center center","background-size":"auto","background-attachment":"scroll","background-type":"","background-media":"","overlay-type":"","overlay-color":"","overlay-opacity":"","overlay-gradient":""},"mobile":{"background-color":"","background-image":"","background-repeat":"repeat","background-position":"center center","background-size":"auto","background-attachment":"scroll","background-type":"","background-media":"","overlay-type":"","overlay-color":"","overlay-opacity":"","overlay-gradient":""}},"ast-content-background-meta":{"desktop":{"background-color":"var(--ast-global-color-5)","background-image":"","background-repeat":"repeat","background-position":"center center","background-size":"auto","background-attachment":"scroll","background-type":"","background-media":"","overlay-type":"","overlay-color":"","overlay-opacity":"","overlay-gradient":""},"tablet":{"background-color":"var(--ast-global-color-5)","background-image":"","background-repeat":"repeat","background-position":"center center","background-size":"auto","background-attachment":"scroll","background-type":"","background-media":"","overlay-type":"","overlay-color":"","overlay-opacity":"","overlay-gradient":""},"mobile":{"background-color":"var(--ast-global-color-5)","background-image":"","background-repeat":"repeat","background-position":"center center","background-size":"auto","background-attachment":"scroll","background-type":"","background-media":"","overlay-type":"","overlay-color":"","overlay-opacity":"","overlay-gradient":""}},"footnotes":""},"class_list":["post-436","page","type-page","status-publish","hentry"],"acf":[],"_links":{"self":[{"href":"https:\/\/ibizagirls.net\/fr\/wp-json\/wp\/v2\/pages\/436"}],"collection":[{"href":"https:\/\/ibizagirls.net\/fr\/wp-json\/wp\/v2\/pages"}],"about":[{"href":"https:\/\/ibizagirls.net\/fr\/wp-json\/wp\/v2\/types\/page"}],"author":[{"embeddable":true,"href":"https:\/\/ibizagirls.net\/fr\/wp-json\/wp\/v2\/users\/2"}],"replies":[{"embeddable":true,"href":"https:\/\/ibizagirls.net\/fr\/wp-json\/wp\/v2\/comments?post=436"}],"version-history":[{"count":103,"href":"https:\/\/ibizagirls.net\/fr\/wp-json\/wp\/v2\/pages\/436\/revisions"}],"predecessor-version":[{"id":6062,"href":"https:\/\/ibizagirls.net\/fr\/wp-json\/wp\/v2\/pages\/436\/revisions\/6062"}],"wp:attachment":[{"href":"https:\/\/ibizagirls.net\/fr\/wp-json\/wp\/v2\/media?parent=436"}],"curies":[{"name":"wp","href":"https:\/\/api.w.org\/{rel}","templated":true}]}}