{"id":2136,"date":"2026-01-14T00:38:19","date_gmt":"2026-01-13T23:38:19","guid":{"rendered":"https:\/\/ibizagirls.net\/?post_type=product&#038;p=2136"},"modified":"2026-04-21T23:48:51","modified_gmt":"2026-04-21T21:48:51","slug":"esther","status":"publish","type":"product","link":"https:\/\/ibizagirls.net\/fr\/esther\/","title":{"rendered":"Esther"},"content":{"rendered":"<p>En tant qu'escorte de luxe \u00e0 Ibiza, ma mission est de vous faire vivre des exp\u00e9riences uniques et sophistiqu\u00e9es. Avec un style \u00e9l\u00e9gant et une attitude discr\u00e8te, je suis l\u00e0 pour vous accompagner en toute occasion, qu'il s'agisse d'un \u00e9v\u00e9nement exclusif ou d'une rencontre priv\u00e9e. Chaque moment que nous partageons est soigneusement personnalis\u00e9 en fonction de vos go\u00fbts et de vos pr\u00e9f\u00e9rences, afin que vous vous sentiez parfaitement \u00e0 l'aise et que vous profitiez pleinement de votre s\u00e9jour. Pour moi, les d\u00e9tails sont essentiels et je m'efforce de cr\u00e9er une atmosph\u00e8re d\u00e9tendue et agr\u00e9able \u00e0 tout moment. Mon objectif est de vous offrir une exp\u00e9rience inoubliable, o\u00f9 le luxe et la connexion sont parfaitement combin\u00e9s. Je suis disponible quand vous le souhaitez, toujours avec la plus grande discr\u00e9tion et un traitement exclusif qui rendra chaque rencontre sp\u00e9ciale.<\/p>","protected":false},"excerpt":{"rendered":"<div style=\"width: 720px;\" class=\"wp-video\"><!--[if lt IE 9]><script>document.createElement('video');<\/script><![endif]--><br \/>\n<video class=\"wp-video-shortcode\" id=\"video-2136-1\" width=\"720\" height=\"1280\" preload=\"metadata\" controls=\"controls\"><source type=\"video\/mp4\" src=\"https:\/\/ibizagirls.net\/wp-content\/uploads\/2025\/06\/Esther-Puta-de-Alto-Nivel-en-Ibiza.mp4?_=1\" \/><a href=\"https:\/\/ibizagirls.net\/wp-content\/uploads\/2025\/06\/Esther-Puta-de-Alto-Nivel-en-Ibiza.mp4\">https:\/\/ibizagirls.net\/wp-content\/uploads\/2025\/06\/Esther-Puta-de-Alto-Nivel-en-Ibiza.mp4<\/a><\/video><\/div>","protected":false},"featured_media":1860,"comment_status":"open","ping_status":"closed","template":"","meta":{"_acf_changed":false,"site-sidebar-layout":"default","site-content-layout":"","ast-site-content-layout":"default","site-content-style":"default","site-sidebar-style":"default","ast-global-header-display":"","ast-banner-title-visibility":"","ast-main-header-display":"","ast-hfb-above-header-display":"","ast-hfb-below-header-display":"","ast-hfb-mobile-header-display":"","site-post-title":"","ast-breadcrumbs-content":"","ast-featured-img":"","footer-sml-layout":"","ast-disable-related-posts":"","theme-transparent-header-meta":"default","adv-header-id-meta":"","stick-header-meta":"","header-above-stick-meta":"","header-main-stick-meta":"","header-below-stick-meta":"","astra-migrate-meta-layouts":"set","ast-page-background-enabled":"default","ast-page-background-meta":{"desktop":{"background-color":"var(--ast-global-color-4)","background-image":"","background-repeat":"repeat","background-position":"center center","background-size":"auto","background-attachment":"scroll","background-type":"","background-media":"","overlay-type":"","overlay-color":"","overlay-opacity":"","overlay-gradient":""},"tablet":{"background-color":"","background-image":"","background-repeat":"repeat","background-position":"center center","background-size":"auto","background-attachment":"scroll","background-type":"","background-media":"","overlay-type":"","overlay-color":"","overlay-opacity":"","overlay-gradient":""},"mobile":{"background-color":"","background-image":"","background-repeat":"repeat","background-position":"center center","background-size":"auto","background-attachment":"scroll","background-type":"","background-media":"","overlay-type":"","overlay-color":"","overlay-opacity":"","overlay-gradient":""}},"ast-content-background-meta":{"desktop":{"background-color":"var(--ast-global-color-5)","background-image":"","background-repeat":"repeat","background-position":"center center","background-size":"auto","background-attachment":"scroll","background-type":"","background-media":"","overlay-type":"","overlay-color":"","overlay-opacity":"","overlay-gradient":""},"tablet":{"background-color":"var(--ast-global-color-5)","background-image":"","background-repeat":"repeat","background-position":"center center","background-size":"auto","background-attachment":"scroll","background-type":"","background-media":"","overlay-type":"","overlay-color":"","overlay-opacity":"","overlay-gradient":""},"mobile":{"background-color":"var(--ast-global-color-5)","background-image":"","background-repeat":"repeat","background-position":"center center","background-size":"auto","background-attachment":"scroll","background-type":"","background-media":"","overlay-type":"","overlay-color":"","overlay-opacity":"","overlay-gradient":""}}},"product_brand":[],"product_cat":[19,55,52,37],"product_tag":[],"class_list":{"0":"post-2136","1":"product","2":"type-product","3":"status-publish","4":"has-post-thumbnail","6":"product_cat-disponible","7":"product_cat-escort","8":"product_cat-carrusel","9":"product_cat-queens-ibiza","10":"desktop-align-left","11":"tablet-align-left","12":"mobile-align-left","14":"first","15":"instock","16":"shipping-taxable","17":"product-type-simple"},"acf":[],"gallery_images":[1858,1859,1862,1861,1860],"_links":{"self":[{"href":"https:\/\/ibizagirls.net\/fr\/wp-json\/wp\/v2\/product\/2136"}],"collection":[{"href":"https:\/\/ibizagirls.net\/fr\/wp-json\/wp\/v2\/product"}],"about":[{"href":"https:\/\/ibizagirls.net\/fr\/wp-json\/wp\/v2\/types\/product"}],"replies":[{"embeddable":true,"href":"https:\/\/ibizagirls.net\/fr\/wp-json\/wp\/v2\/comments?post=2136"}],"wp:featuredmedia":[{"embeddable":true,"href":"https:\/\/ibizagirls.net\/fr\/wp-json\/wp\/v2\/media\/1860"}],"wp:attachment":[{"href":"https:\/\/ibizagirls.net\/fr\/wp-json\/wp\/v2\/media?parent=2136"}],"wp:term":[{"taxonomy":"product_brand","embeddable":true,"href":"https:\/\/ibizagirls.net\/fr\/wp-json\/wp\/v2\/product_brand?post=2136"},{"taxonomy":"product_cat","embeddable":true,"href":"https:\/\/ibizagirls.net\/fr\/wp-json\/wp\/v2\/product_cat?post=2136"},{"taxonomy":"product_tag","embeddable":true,"href":"https:\/\/ibizagirls.net\/fr\/wp-json\/wp\/v2\/product_tag?post=2136"}],"curies":[{"name":"wp","href":"https:\/\/api.w.org\/{rel}","templated":true}]}}