{"id":7095,"date":"2026-02-23T19:55:37","date_gmt":"2026-02-23T18:55:37","guid":{"rendered":"https:\/\/queensibiza.com\/?post_type=product&#038;p=5138"},"modified":"2026-04-17T08:36:26","modified_gmt":"2026-04-17T06:36:26","slug":"valeria-6","status":"publish","type":"product","link":"https:\/\/ibizagirls.net\/fr\/valeria-6\/","title":{"rendered":"Valeria"},"content":{"rendered":"<p data-start=\"1150\" data-end=\"1471\">Bonjour mon amour, je suis <strong data-start=\"1174\" data-end=\"1183\">Valeria<\/strong>, a <strong data-start=\"1189\" data-end=\"1230\">escorte de luxe \u00e0 Ibiza<\/strong>, con una presencia sofisticada, piel suave y un estilo refinado que combina sensualidad y cercan\u00eda en cada momento. Desde el primer instante me gusta que te sientas c\u00f3modo y que la experiencia sea natural, exclusiva y totalmente discreta.<\/p>\n<p data-start=\"1812\" data-end=\"2043\">Je suis disponible <strong data-start=\"1829\" data-end=\"1845\">24 heures par jour<\/strong>, puedo desplazarme a tu <strong data-start=\"1870\" data-end=\"1894\">hotel, villa o barco<\/strong>, o recibirte en un <strong data-start=\"1914\" data-end=\"1946\">apartamento privado en Ibiza<\/strong>, \u00edntimo, c\u00f3modo y reservado solo para nosotros, ideal para desconectar y disfrutar sin prisas.<\/p>\n<p data-start=\"2045\" data-end=\"2140\" data-is-last-node=\"\" data-is-only-node=\"\">Haz tu reserva y perm\u00edteme ser ese plan especial que recordar\u00e1s mucho despu\u00e9s de dejar la isla.<\/p>","protected":false},"excerpt":{"rendered":"<div style=\"width: 1280px;\" class=\"wp-video\"><!--[if lt IE 9]><script>document.createElement('video');<\/script><![endif]--><br \/>\n<video class=\"wp-video-shortcode\" id=\"video-7095-1\" width=\"1280\" height=\"720\" preload=\"metadata\" controls=\"controls\"><source type=\"video\/mp4\" src=\"https:\/\/ibizagirls.net\/wp-content\/uploads\/2026\/02\/Valeria-Azafata-en-Ibiza.mp4?_=1\" \/><a href=\"https:\/\/ibizagirls.net\/wp-content\/uploads\/2026\/02\/Valeria-Azafata-en-Ibiza.mp4\">https:\/\/ibizagirls.net\/wp-content\/uploads\/2026\/02\/Valeria-Azafata-en-Ibiza.mp4<\/a><\/video><\/div>","protected":false},"featured_media":7129,"comment_status":"open","ping_status":"closed","template":"","meta":{"_acf_changed":false,"site-sidebar-layout":"default","site-content-layout":"","ast-site-content-layout":"default","site-content-style":"default","site-sidebar-style":"default","ast-global-header-display":"","ast-banner-title-visibility":"","ast-main-header-display":"","ast-hfb-above-header-display":"","ast-hfb-below-header-display":"","ast-hfb-mobile-header-display":"","site-post-title":"","ast-breadcrumbs-content":"","ast-featured-img":"","footer-sml-layout":"","theme-transparent-header-meta":"default","adv-header-id-meta":"","stick-header-meta":"","header-above-stick-meta":"","header-main-stick-meta":"","header-below-stick-meta":"","astra-migrate-meta-layouts":"set","ast-page-background-enabled":"default","ast-page-background-meta":{"desktop":{"background-color":"var(--ast-global-color-4)","background-image":"","background-repeat":"repeat","background-position":"center center","background-size":"auto","background-attachment":"scroll","background-type":"","background-media":"","overlay-type":"","overlay-color":"","overlay-opacity":"","overlay-gradient":""},"tablet":{"background-color":"","background-image":"","background-repeat":"repeat","background-position":"center center","background-size":"auto","background-attachment":"scroll","background-type":"","background-media":"","overlay-type":"","overlay-color":"","overlay-opacity":"","overlay-gradient":""},"mobile":{"background-color":"","background-image":"","background-repeat":"repeat","background-position":"center center","background-size":"auto","background-attachment":"scroll","background-type":"","background-media":"","overlay-type":"","overlay-color":"","overlay-opacity":"","overlay-gradient":""}},"ast-content-background-meta":{"desktop":{"background-color":"var(--ast-global-color-5)","background-image":"","background-repeat":"repeat","background-position":"center center","background-size":"auto","background-attachment":"scroll","background-type":"","background-media":"","overlay-type":"","overlay-color":"","overlay-opacity":"","overlay-gradient":""},"tablet":{"background-color":"var(--ast-global-color-5)","background-image":"","background-repeat":"repeat","background-position":"center center","background-size":"auto","background-attachment":"scroll","background-type":"","background-media":"","overlay-type":"","overlay-color":"","overlay-opacity":"","overlay-gradient":""},"mobile":{"background-color":"var(--ast-global-color-5)","background-image":"","background-repeat":"repeat","background-position":"center center","background-size":"auto","background-attachment":"scroll","background-type":"","background-media":"","overlay-type":"","overlay-color":"","overlay-opacity":"","overlay-gradient":""}}},"product_brand":[],"product_cat":[55,19,52,54,38],"product_tag":[],"class_list":{"0":"post-7095","1":"product","2":"type-product","3":"status-publish","4":"has-post-thumbnail","6":"product_cat-escort","7":"product_cat-disponible","8":"product_cat-carrusel","9":"product_cat-videos","10":"product_cat-ladys-escorts-ibiza","11":"desktop-align-left","12":"tablet-align-left","13":"mobile-align-left","15":"first","16":"instock","17":"shipping-taxable","18":"product-type-simple"},"acf":[],"gallery_images":[7129,7124,7126,7127,7128,7130,7131],"_links":{"self":[{"href":"https:\/\/ibizagirls.net\/fr\/wp-json\/wp\/v2\/product\/7095"}],"collection":[{"href":"https:\/\/ibizagirls.net\/fr\/wp-json\/wp\/v2\/product"}],"about":[{"href":"https:\/\/ibizagirls.net\/fr\/wp-json\/wp\/v2\/types\/product"}],"replies":[{"embeddable":true,"href":"https:\/\/ibizagirls.net\/fr\/wp-json\/wp\/v2\/comments?post=7095"}],"wp:featuredmedia":[{"embeddable":true,"href":"https:\/\/ibizagirls.net\/fr\/wp-json\/wp\/v2\/media\/7129"}],"wp:attachment":[{"href":"https:\/\/ibizagirls.net\/fr\/wp-json\/wp\/v2\/media?parent=7095"}],"wp:term":[{"taxonomy":"product_brand","embeddable":true,"href":"https:\/\/ibizagirls.net\/fr\/wp-json\/wp\/v2\/product_brand?post=7095"},{"taxonomy":"product_cat","embeddable":true,"href":"https:\/\/ibizagirls.net\/fr\/wp-json\/wp\/v2\/product_cat?post=7095"},{"taxonomy":"product_tag","embeddable":true,"href":"https:\/\/ibizagirls.net\/fr\/wp-json\/wp\/v2\/product_tag?post=7095"}],"curies":[{"name":"wp","href":"https:\/\/api.w.org\/{rel}","templated":true}]}}