{"id":7327,"date":"2026-05-05T05:02:04","date_gmt":"2026-05-05T03:02:04","guid":{"rendered":"https:\/\/ibizagirls.net\/?post_type=product&#038;p=7327"},"modified":"2026-05-07T01:56:06","modified_gmt":"2026-05-06T23:56:06","slug":"mariana-2","status":"publish","type":"product","link":"https:\/\/ibizagirls.net\/fr\/mariana-2\/","title":{"rendered":"Mariana"},"content":{"rendered":"<p data-start=\"3229\" data-end=\"3541\">Bonjour ch\u00e9rie, je suis <strong data-start=\"3254\" data-end=\"3266\">Mariana<\/strong>, a <strong data-start=\"3272\" data-end=\"3310\">escort exclusiva en Ibiza<\/strong>, con una presencia sofisticada, piel suave y una personalidad que combina dulzura, elegancia y una sensualidad natural que te atrapar\u00e1 desde el primer instante. Me gusta crear un ambiente \u00edntimo donde todo fluya con naturalidad.<\/p>\n<p data-start=\"3543\" data-end=\"3729\">Estoy en la isla para compartir contigo experiencias \u00fanicas: cenas rom\u00e1nticas frente al mar, paseos en yate al atardecer, veladas privadas y encuentros llenos de conexi\u00f3n y discreci\u00f3n.<\/p>\n<p data-start=\"3731\" data-end=\"3908\">Disponible <strong data-start=\"3742\" data-end=\"3750\">24\/7<\/strong>, Je fais des sorties \u00e0 <strong data-start=\"3770\" data-end=\"3798\">h\u00f4tels, villas et bateaux<\/strong>, ou je peux vous recevoir dans un <strong data-start=\"3824\" data-end=\"3856\">apartamento privado en Ibiza<\/strong>, \u00edntimo, elegante y reservado solo para nosotros.<\/p>\n<p data-start=\"3910\" data-end=\"4003\">Reserva ahora y d\u00e9jame ser ese recuerdo especial que har\u00e1 tu estancia en la isla inolvidable.<\/p>","protected":false},"excerpt":{"rendered":"<div style=\"width: 576px;\" class=\"wp-video\"><!--[if lt IE 9]><script>document.createElement('video');<\/script><![endif]--><br \/>\n<video class=\"wp-video-shortcode\" id=\"video-7327-1\" width=\"576\" height=\"1024\" preload=\"metadata\" controls=\"controls\"><source type=\"video\/mp4\" src=\"https:\/\/ibizagirls.net\/wp-content\/uploads\/2026\/05\/Mariana-Ibiza-Escort.mp4?_=1\" \/><a href=\"https:\/\/ibizagirls.net\/wp-content\/uploads\/2026\/05\/Mariana-Ibiza-Escort.mp4\">https:\/\/ibizagirls.net\/wp-content\/uploads\/2026\/05\/Mariana-Ibiza-Escort.mp4<\/a><\/video><\/div>","protected":false},"featured_media":7356,"comment_status":"open","ping_status":"closed","template":"","meta":{"_acf_changed":false,"site-sidebar-layout":"default","site-content-layout":"","ast-site-content-layout":"default","site-content-style":"default","site-sidebar-style":"default","ast-global-header-display":"","ast-banner-title-visibility":"","ast-main-header-display":"","ast-hfb-above-header-display":"","ast-hfb-below-header-display":"","ast-hfb-mobile-header-display":"","site-post-title":"","ast-breadcrumbs-content":"","ast-featured-img":"","footer-sml-layout":"","ast-disable-related-posts":"","theme-transparent-header-meta":"default","adv-header-id-meta":"","stick-header-meta":"","header-above-stick-meta":"","header-main-stick-meta":"","header-below-stick-meta":"","astra-migrate-meta-layouts":"set","ast-page-background-enabled":"default","ast-page-background-meta":{"desktop":{"background-color":"var(--ast-global-color-4)","background-image":"","background-repeat":"repeat","background-position":"center center","background-size":"auto","background-attachment":"scroll","background-type":"","background-media":"","overlay-type":"","overlay-color":"","overlay-opacity":"","overlay-gradient":""},"tablet":{"background-color":"","background-image":"","background-repeat":"repeat","background-position":"center center","background-size":"auto","background-attachment":"scroll","background-type":"","background-media":"","overlay-type":"","overlay-color":"","overlay-opacity":"","overlay-gradient":""},"mobile":{"background-color":"","background-image":"","background-repeat":"repeat","background-position":"center center","background-size":"auto","background-attachment":"scroll","background-type":"","background-media":"","overlay-type":"","overlay-color":"","overlay-opacity":"","overlay-gradient":""}},"ast-content-background-meta":{"desktop":{"background-color":"var(--ast-global-color-5)","background-image":"","background-repeat":"repeat","background-position":"center center","background-size":"auto","background-attachment":"scroll","background-type":"","background-media":"","overlay-type":"","overlay-color":"","overlay-opacity":"","overlay-gradient":""},"tablet":{"background-color":"var(--ast-global-color-5)","background-image":"","background-repeat":"repeat","background-position":"center center","background-size":"auto","background-attachment":"scroll","background-type":"","background-media":"","overlay-type":"","overlay-color":"","overlay-opacity":"","overlay-gradient":""},"mobile":{"background-color":"var(--ast-global-color-5)","background-image":"","background-repeat":"repeat","background-position":"center center","background-size":"auto","background-attachment":"scroll","background-type":"","background-media":"","overlay-type":"","overlay-color":"","overlay-opacity":"","overlay-gradient":""}}},"product_brand":[],"product_cat":[19,55,52,54,38],"product_tag":[],"class_list":{"0":"post-7327","1":"product","2":"type-product","3":"status-publish","4":"has-post-thumbnail","6":"product_cat-disponible","7":"product_cat-escort","8":"product_cat-carrusel","9":"product_cat-videos","10":"product_cat-ladys-escorts-ibiza","11":"desktop-align-left","12":"tablet-align-left","13":"mobile-align-left","15":"first","16":"instock","17":"shipping-taxable","18":"product-type-simple"},"acf":[],"gallery_images":[7356,7354,7355,7357,7358,7359],"_links":{"self":[{"href":"https:\/\/ibizagirls.net\/fr\/wp-json\/wp\/v2\/product\/7327"}],"collection":[{"href":"https:\/\/ibizagirls.net\/fr\/wp-json\/wp\/v2\/product"}],"about":[{"href":"https:\/\/ibizagirls.net\/fr\/wp-json\/wp\/v2\/types\/product"}],"replies":[{"embeddable":true,"href":"https:\/\/ibizagirls.net\/fr\/wp-json\/wp\/v2\/comments?post=7327"}],"wp:featuredmedia":[{"embeddable":true,"href":"https:\/\/ibizagirls.net\/fr\/wp-json\/wp\/v2\/media\/7356"}],"wp:attachment":[{"href":"https:\/\/ibizagirls.net\/fr\/wp-json\/wp\/v2\/media?parent=7327"}],"wp:term":[{"taxonomy":"product_brand","embeddable":true,"href":"https:\/\/ibizagirls.net\/fr\/wp-json\/wp\/v2\/product_brand?post=7327"},{"taxonomy":"product_cat","embeddable":true,"href":"https:\/\/ibizagirls.net\/fr\/wp-json\/wp\/v2\/product_cat?post=7327"},{"taxonomy":"product_tag","embeddable":true,"href":"https:\/\/ibizagirls.net\/fr\/wp-json\/wp\/v2\/product_tag?post=7327"}],"curies":[{"name":"wp","href":"https:\/\/api.w.org\/{rel}","templated":true}]}}