{"id":54,"date":"2025-03-28T11:30:38","date_gmt":"2025-03-28T10:30:38","guid":{"rendered":"https:\/\/ibizagirls.net\/?page_id=54"},"modified":"2025-03-28T11:30:38","modified_gmt":"2025-03-28T10:30:38","slug":"avviso-legale","status":"publish","type":"page","link":"https:\/\/ibizagirls.net\/it\/avviso-legale\/","title":{"rendered":"Avviso legale"},"content":{"rendered":"<p><\/p>\r\n<p>Data di entrata in vigore: giugno 2024<\/p>\r\n<p><\/p>\r\n<h3 class=\"wp-block-heading\">1. Titularidad del Sitio Web<\/h3>\r\n<p><\/p>\r\n<p>El presente aviso legal regula el uso del sitio web www.ibizagirls.net, en adelante, el sitio web, del que es titular el propietario del dominio www.ibizagirls.net.<\/p>\r\n<p><\/p>\r\n<h3 class=\"wp-block-heading\">2. Aceptaci\u00f3n de los T\u00e9rminos de Uso<\/h3>\r\n<p><\/p>\r\n<p>El acceso y uso del Sitio Web implica la aceptaci\u00f3n plena y sin reservas de todas y cada una de las disposiciones incluidas en este Aviso Legal. Si no est\u00e1 de acuerdo con alguna de las condiciones aqu\u00ed establecidas, no deber\u00e1 utilizar el Sitio Web.<\/p>\r\n<p><\/p>\r\n<h3 class=\"wp-block-heading\">3. Condiciones de Uso<\/h3>\r\n<p><\/p>\r\n<p>El usuario se compromete a utilizar el Sitio Web de conformidad con la ley, la moral, las buenas costumbres y el orden p\u00fablico. Asimismo, se obliga a no utilizar el Sitio Web con fines il\u00edcitos o lesivos para los derechos e intereses de terceros, o de cualquier forma que pueda da\u00f1ar, inutilizar, sobrecargar o deteriorar el Sitio Web o impedir la normal utilizaci\u00f3n o disfrute del mismo.<\/p>\r\n<p><\/p>\r\n<h3 class=\"wp-block-heading\">4. Propiedad Intelectual e Industrial<\/h3>\r\n<p><\/p>\r\n<p>El Titular es propietario o, en su caso, cuenta con las licencias correspondientes sobre los derechos de explotaci\u00f3n de propiedad intelectual e industrial del Sitio Web, as\u00ed como de todos los contenidos ofrecidos en el mismo, incluyendo a t\u00edtulo enunciativo y no limitativo: la programaci\u00f3n, edici\u00f3n, compilaci\u00f3n y dem\u00e1s elementos necesarios para su funcionamiento, los dise\u00f1os, logotipos, texto, gr\u00e1ficos y\/o cualquier otro contenido.<\/p>\r\n<p><\/p>\r\n<p>Queda expresamente prohibida la reproducci\u00f3n total o parcial, uso, explotaci\u00f3n, distribuci\u00f3n y comercializaci\u00f3n, sin la autorizaci\u00f3n previa y por escrito del Titular. Cualquier uso no autorizado previamente por el Titular ser\u00e1 considerado un incumplimiento grave de los derechos de propiedad intelectual o industrial del autor.<\/p>\r\n<p><\/p>\r\n<h3 class=\"wp-block-heading\">5. Responsabilidad<\/h3>\r\n<p><\/p>\r\n<p>El Titular no se hace responsable de los da\u00f1os y perjuicios de cualquier naturaleza que pudieran ocasionar errores u omisiones en los contenidos, falta de disponibilidad del Sitio Web o la transmisi\u00f3n de virus o programas maliciosos o lesivos en los contenidos, a pesar de haber adoptado todas las medidas tecnol\u00f3gicas necesarias para evitarlo.<\/p>\r\n<p><\/p>\r\n<p>El Sitio Web puede contener enlaces a sitios web de terceros. El Titular no asume ninguna responsabilidad por el contenido, las pol\u00edticas de privacidad o las pr\u00e1cticas de dichos sitios web.<\/p>\r\n<p><\/p>\r\n<h3 class=\"wp-block-heading\">6. Modificaciones<\/h3>\r\n<p><\/p>\r\n<p>El Titular se reserva el derecho de efectuar sin previo aviso las modificaciones que considere oportunas en el Sitio Web, pudiendo cambiar, suprimir o a\u00f1adir tanto los contenidos y servicios que se presten a trav\u00e9s del mismo como la forma en la que \u00e9stos aparezcan presentados o localizados en el Sitio Web.<\/p>\r\n<p><\/p>\r\n<h3 class=\"wp-block-heading\">7. Protecci\u00f3n de Datos Personales<\/h3>\r\n<p><\/p>\r\n<p>El Titular se compromete al cumplimiento de la normativa de protecci\u00f3n de datos personales y garantiza el cumplimiento \u00edntegro de las obligaciones dispuestas, as\u00ed como la implementaci\u00f3n de las medidas de seguridad dispuestas en el Reglamento General de Protecci\u00f3n de Datos (RGPD) y la Ley Org\u00e1nica de Protecci\u00f3n de Datos y Garant\u00eda de Derechos Digitales (LOPDGDD). Para m\u00e1s informaci\u00f3n, consulte nuestra Pol\u00edtica de Privacidad.<\/p>\r\n<p><\/p>\r\n<h3 class=\"wp-block-heading\">8. Legislaci\u00f3n Aplicable y Jurisdicci\u00f3n<\/h3>\r\n<p><\/p>\r\n<p>Las relaciones entre el Titular y los usuarios del Sitio Web se regir\u00e1n por la legislaci\u00f3n espa\u00f1ola vigente y cualquier controversia se someter\u00e1 a los juzgados y tribunales de la ciudad de [Ciudad], salvo que la normativa aplicable disponga otra cosa.<\/p>\r\n<p><\/p>\r\n<h3 class=\"wp-block-heading\">9. Contacto<\/h3>\r\n<p><\/p>\r\n<p>Para cualquier consulta acerca de estas condiciones, puede ponerse en contacto con nosotros a trav\u00e9s del siguiente correo electr\u00f3nico: info@ibizagirls.net<\/p>\r\n<p><\/p>\r\n<hr class=\"wp-block-separator has-alpha-channel-opacity\" \/>\r\n<p><\/p>\r\n<p>Al utilizar nuestro sitio web, aceptas los t\u00e9rminos de este Aviso Legal. Si no est\u00e1s de acuerdo con estos t\u00e9rminos, por favor no utilices nuestro sitio.<\/p>\r\n<p><\/p>\r\n<p>Grazie per aver visitato ibizagirls.net.<\/p>\r\n<p><\/p>","protected":false},"excerpt":{"rendered":"<p>Fecha de entrada en vigor: Junio del 2024 1. Titularidad del Sitio Web El presente aviso legal regula el uso [&hellip;]<\/p>","protected":false},"author":2,"featured_media":0,"parent":0,"menu_order":0,"comment_status":"closed","ping_status":"closed","template":"","meta":{"_acf_changed":false,"site-sidebar-layout":"default","site-content-layout":"","ast-site-content-layout":"default","site-content-style":"default","site-sidebar-style":"default","ast-global-header-display":"","ast-banner-title-visibility":"","ast-main-header-display":"","ast-hfb-above-header-display":"","ast-hfb-below-header-display":"","ast-hfb-mobile-header-display":"","site-post-title":"","ast-breadcrumbs-content":"","ast-featured-img":"","footer-sml-layout":"","ast-disable-related-posts":"","theme-transparent-header-meta":"default","adv-header-id-meta":"","stick-header-meta":"","header-above-stick-meta":"","header-main-stick-meta":"","header-below-stick-meta":"","astra-migrate-meta-layouts":"set","ast-page-background-enabled":"default","ast-page-background-meta":{"desktop":{"background-color":"var(--ast-global-color-4)","background-image":"","background-repeat":"repeat","background-position":"center center","background-size":"auto","background-attachment":"scroll","background-type":"","background-media":"","overlay-type":"","overlay-color":"","overlay-opacity":"","overlay-gradient":""},"tablet":{"background-color":"","background-image":"","background-repeat":"repeat","background-position":"center center","background-size":"auto","background-attachment":"scroll","background-type":"","background-media":"","overlay-type":"","overlay-color":"","overlay-opacity":"","overlay-gradient":""},"mobile":{"background-color":"","background-image":"","background-repeat":"repeat","background-position":"center center","background-size":"auto","background-attachment":"scroll","background-type":"","background-media":"","overlay-type":"","overlay-color":"","overlay-opacity":"","overlay-gradient":""}},"ast-content-background-meta":{"desktop":{"background-color":"var(--ast-global-color-5)","background-image":"","background-repeat":"repeat","background-position":"center center","background-size":"auto","background-attachment":"scroll","background-type":"","background-media":"","overlay-type":"","overlay-color":"","overlay-opacity":"","overlay-gradient":""},"tablet":{"background-color":"var(--ast-global-color-5)","background-image":"","background-repeat":"repeat","background-position":"center center","background-size":"auto","background-attachment":"scroll","background-type":"","background-media":"","overlay-type":"","overlay-color":"","overlay-opacity":"","overlay-gradient":""},"mobile":{"background-color":"var(--ast-global-color-5)","background-image":"","background-repeat":"repeat","background-position":"center center","background-size":"auto","background-attachment":"scroll","background-type":"","background-media":"","overlay-type":"","overlay-color":"","overlay-opacity":"","overlay-gradient":""}},"footnotes":""},"class_list":["post-54","page","type-page","status-publish","hentry"],"acf":[],"_links":{"self":[{"href":"https:\/\/ibizagirls.net\/it\/wp-json\/wp\/v2\/pages\/54"}],"collection":[{"href":"https:\/\/ibizagirls.net\/it\/wp-json\/wp\/v2\/pages"}],"about":[{"href":"https:\/\/ibizagirls.net\/it\/wp-json\/wp\/v2\/types\/page"}],"author":[{"embeddable":true,"href":"https:\/\/ibizagirls.net\/it\/wp-json\/wp\/v2\/users\/2"}],"replies":[{"embeddable":true,"href":"https:\/\/ibizagirls.net\/it\/wp-json\/wp\/v2\/comments?post=54"}],"version-history":[{"count":3,"href":"https:\/\/ibizagirls.net\/it\/wp-json\/wp\/v2\/pages\/54\/revisions"}],"predecessor-version":[{"id":2151,"href":"https:\/\/ibizagirls.net\/it\/wp-json\/wp\/v2\/pages\/54\/revisions\/2151"}],"wp:attachment":[{"href":"https:\/\/ibizagirls.net\/it\/wp-json\/wp\/v2\/media?parent=54"}],"curies":[{"name":"wp","href":"https:\/\/api.w.org\/{rel}","templated":true}]}}