{"id":952,"date":"2024-10-17T02:45:10","date_gmt":"2024-10-17T00:45:10","guid":{"rendered":"https:\/\/ibizagirls.net\/?page_id=952"},"modified":"2025-04-23T22:46:18","modified_gmt":"2025-04-23T20:46:18","slug":"queens-ibiza","status":"publish","type":"page","link":"https:\/\/ibizagirls.net\/it\/queens-ibiza\/","title":{"rendered":"Regina Ibiza Escort"},"content":{"rendered":"<div data-elementor-type=\"wp-page\" data-elementor-id=\"952\" class=\"elementor elementor-952\" data-elementor-post-type=\"page\">\n\t\t\t\t<div class=\"elementor-element elementor-element-571caf9 e-con-full e-flex e-con e-parent\" data-id=\"571caf9\" data-element_type=\"container\" data-settings=\"{&quot;background_background&quot;:&quot;classic&quot;}\">\n\t\t\t\t<div class=\"elementor-element elementor-element-5553017 elementor-widget elementor-widget-heading\" data-id=\"5553017\" data-element_type=\"widget\" data-widget_type=\"heading.default\">\n\t\t\t\t\t<h1 class=\"elementor-heading-title elementor-size-default\">Regine Ibiza<\/h1>\t\t\t\t<\/div>\n\t\t\t\t<\/div>\n\t\t<div class=\"elementor-element elementor-element-62c1ec7 e-flex e-con-boxed e-con e-parent\" data-id=\"62c1ec7\" data-element_type=\"container\">\n\t\t\t\t\t<div class=\"e-con-inner\">\n\t\t<div class=\"elementor-element elementor-element-f555e33 e-con-full e-flex e-con e-child\" data-id=\"f555e33\" data-element_type=\"container\">\n\t\t\t\t<div class=\"elementor-element elementor-element-f9f1294 elementor-widget elementor-widget-image\" data-id=\"f9f1294\" data-element_type=\"widget\" data-widget_type=\"image.default\">\n\t\t\t\t\t\t\t\t\t\t\t\t\t\t\t<img fetchpriority=\"high\" decoding=\"async\" width=\"400\" height=\"600\" src=\"https:\/\/ibizagirls.net\/wp-content\/uploads\/2024\/10\/98090.jpg\" class=\"attachment-large size-large wp-image-940\" alt=\"\" srcset=\"https:\/\/ibizagirls.net\/wp-content\/uploads\/2024\/10\/98090.jpg 400w, https:\/\/ibizagirls.net\/wp-content\/uploads\/2024\/10\/98090-200x300.jpg 200w\" sizes=\"(max-width: 400px) 100vw, 400px\" \/>\t\t\t\t\t\t\t\t\t\t\t\t\t\t\t<\/div>\n\t\t\t\t<\/div>\n\t\t<div class=\"elementor-element elementor-element-de106c9 e-con-full e-flex e-con e-child\" data-id=\"de106c9\" data-element_type=\"container\">\n\t\t\t\t<div class=\"elementor-element elementor-element-876a324 elementor-widget elementor-widget-heading\" data-id=\"876a324\" data-element_type=\"widget\" data-widget_type=\"heading.default\">\n\t\t\t\t\t<h2 class=\"elementor-heading-title elementor-size-default\">Regine Ibiza<\/h2>\t\t\t\t<\/div>\n\t\t\t\t<div class=\"elementor-element elementor-element-51c4d4a elementor-widget elementor-widget-text-editor\" data-id=\"51c4d4a\" data-element_type=\"widget\" data-widget_type=\"text-editor.default\">\n\t\t\t\t\t\t\t\t\t<p>Queens Ibiza \u00e8 riconosciuta come la migliore agenzia di escort di lusso di Ibiza, che si distingue per l'attenzione esclusiva e i servizi personalizzati che soddisfano i gusti pi\u00f9 esigenti. Con una selezione di escort eleganti e professionali, \u00e8 assicurata un'esperienza di alto livello, che combina discrezione, raffinatezza e qualit\u00e0 in ogni incontro.&nbsp;<\/p><p>Il suo team si impegna a fornire un servizio eccezionale, curando ogni dettaglio per offrire momenti unici e indimenticabili a chi cerca una compagnia di prima classe sull'isola. Con Queens Ibiza, i clienti godono di un servizio esclusivo e sicuro, ideale per chi apprezza l'eccellenza.<\/p>\t\t\t\t\t\t\t\t<\/div>\n\t\t\t\t<div class=\"elementor-element elementor-element-bb379db elementor-icon-list--layout-traditional elementor-list-item-link-full_width elementor-widget elementor-widget-icon-list\" data-id=\"bb379db\" data-element_type=\"widget\" data-widget_type=\"icon-list.default\">\n\t\t\t\t\t\t\t<ul class=\"elementor-icon-list-items\">\n\t\t\t\t\t\t\t<li class=\"elementor-icon-list-item\">\n\t\t\t\t\t\t\t\t\t\t\t<a href=\"tel:+34696227760\">\n\n\t\t\t\t\t\t\t\t\t\t\t<span class=\"elementor-icon-list-text\"><b> Telefono: <\/b>  +34696227760<\/span>\n\t\t\t\t\t\t\t\t\t\t\t<\/a>\n\t\t\t\t\t\t\t\t\t<\/li>\n\t\t\t\t\t\t\t\t<li class=\"elementor-icon-list-item\">\n\t\t\t\t\t\t\t\t\t\t\t<a href=\"https:\/\/wa.me\/34696227760\" target=\"_blank\" rel=\"noopener\">\n\n\t\t\t\t\t\t\t\t\t\t\t<span class=\"elementor-icon-list-text\"><b> WhatsApp: <\/b>  +34696227760<\/span>\n\t\t\t\t\t\t\t\t\t\t\t<\/a>\n\t\t\t\t\t\t\t\t\t<\/li>\n\t\t\t\t\t\t\t\t<li class=\"elementor-icon-list-item\">\n\t\t\t\t\t\t\t\t\t\t\t<a href=\"mailto:queensibizainfo@gmail.com\">\n\n\t\t\t\t\t\t\t\t\t\t\t<span class=\"elementor-icon-list-text\"><b> Posta E: <\/b> QueensIbizaInfo@gmail.com<\/span>\n\t\t\t\t\t\t\t\t\t\t\t<\/a>\n\t\t\t\t\t\t\t\t\t<\/li>\n\t\t\t\t\t\t\t\t<li class=\"elementor-icon-list-item\">\n\t\t\t\t\t\t\t\t\t\t<span class=\"elementor-icon-list-text\"><b> Paese: <\/b>  Spagna<\/span>\n\t\t\t\t\t\t\t\t\t<\/li>\n\t\t\t\t\t\t\t\t<li class=\"elementor-icon-list-item\">\n\t\t\t\t\t\t\t\t\t\t<span class=\"elementor-icon-list-text\"><b> Citt\u00e0: <\/b>  Ibiza<\/span>\n\t\t\t\t\t\t\t\t\t<\/li>\n\t\t\t\t\t\t<\/ul>\n\t\t\t\t\t\t<\/div>\n\t\t\t\t<\/div>\n\t\t\t\t\t<\/div>\n\t\t\t\t<\/div>\n\t\t<div class=\"elementor-element elementor-element-b3b615d e-flex e-con-boxed e-con e-parent\" data-id=\"b3b615d\" data-element_type=\"container\">\n\t\t\t\t\t<div class=\"e-con-inner\">\n\t\t\t\t<div class=\"woocommerce elementor-element elementor-element-d87e70e elementor-grid-4 elementor-grid-mobile-2 elementor-grid-tablet-2 elementor-widget elementor-widget-loop-grid\" data-id=\"d87e70e\" data-element_type=\"widget\" data-settings=\"{&quot;template_id&quot;:&quot;39&quot;,&quot;columns&quot;:4,&quot;_skin&quot;:&quot;product&quot;,&quot;columns_mobile&quot;:2,&quot;columns_tablet&quot;:&quot;2&quot;,&quot;edit_handle_selector&quot;:&quot;[data-elementor-type=\\&quot;loop-item\\&quot;]&quot;,&quot;row_gap&quot;:{&quot;unit&quot;:&quot;px&quot;,&quot;size&quot;:&quot;&quot;,&quot;sizes&quot;:[]},&quot;row_gap_tablet&quot;:{&quot;unit&quot;:&quot;px&quot;,&quot;size&quot;:&quot;&quot;,&quot;sizes&quot;:[]},&quot;row_gap_mobile&quot;:{&quot;unit&quot;:&quot;px&quot;,&quot;size&quot;:&quot;&quot;,&quot;sizes&quot;:[]}}\" data-widget_type=\"loop-grid.product\">\n\t\t\t\t<div class=\"elementor-widget-container\">\n\t\t\t\t\t\t\t<div class=\"elementor-loop-container elementor-grid\">\n\t\t<style id=\"loop-39\">.elementor-39 .elementor-element.elementor-element-3c2a2d5{--display:flex;--flex-direction:column;--container-widget-width:100%;--container-widget-height:initial;--container-widget-flex-grow:0;--container-widget-align-self:initial;--flex-wrap-mobile:wrap;border-style:solid;--border-style:solid;border-width:0px 0px 0px 0px;--border-top-width:0px;--border-right-width:0px;--border-bottom-width:0px;--border-left-width:0px;border-color:#FFFFFF;--border-color:#FFFFFF;--border-radius:37px 37px 37px 37px;box-shadow:0px 0px 24px 0px rgba(0, 0, 0, 0.14);}.elementor-widget-image .widget-image-caption{color:var( --e-global-color-text );font-family:var( --e-global-typography-text-font-family ), Sans-serif;font-weight:var( --e-global-typography-text-font-weight );}.elementor-39 .elementor-element.elementor-element-d29d952 img{border-radius:25px 25px 25px 25px;}.elementor-39 .elementor-element.elementor-element-bb19cce{--display:flex;--flex-direction:row;--container-widget-width:initial;--container-widget-height:100%;--container-widget-flex-grow:1;--container-widget-align-self:stretch;--flex-wrap-mobile:wrap;--justify-content:center;}.elementor-widget-heading .elementor-heading-title{font-family:var( --e-global-typography-primary-font-family ), Sans-serif;font-weight:var( --e-global-typography-primary-font-weight );color:var( --e-global-color-primary );}.elementor-39 .elementor-element.elementor-element-7f1bde5{margin:0px 0px calc(var(--kit-widget-spacing, 0px) + 0px) 10px;padding:0px 0px 0px 0px;text-align:center;}.elementor-39 .elementor-element.elementor-element-7f1bde5.elementor-element{--align-self:center;}.elementor-39 .elementor-element.elementor-element-7f1bde5 .elementor-heading-title{font-family:\"Poppins\", Sans-serif;font-size:20px;font-weight:600;color:#000000;}.elementor-39 .elementor-element.elementor-element-279569c{margin:0px 0px calc(var(--kit-widget-spacing, 0px) + 0px) -15px;padding:0px 0px 0px 0px;text-align:center;}.elementor-39 .elementor-element.elementor-element-279569c .elementor-heading-title{font-family:\"Poppins\", Sans-serif;font-size:21px;font-weight:400;color:#FFFFFF;}@media(max-width:767px){.elementor-39 .elementor-element.elementor-element-bb19cce{--padding-top:0px;--padding-bottom:0px;--padding-left:0px;--padding-right:0px;}.elementor-39 .elementor-element.elementor-element-7f1bde5 .elementor-heading-title{font-size:14px;}.elementor-39 .elementor-element.elementor-element-279569c .elementor-heading-title{font-size:17px;}}\/* Start custom CSS for image, class: .elementor-element-d29d952 *\/.elementor-39 .elementor-element.elementor-element-d29d952 img{\n    aspect-ratio: 9\/16;\n    object-fit: cover;\n    \n}\/* End custom CSS *\/<\/style>\t\t<div data-elementor-type=\"loop-item\" data-elementor-id=\"39\" class=\"elementor elementor-39 e-loop-item e-loop-item-7033 post-7033 product type-product status-publish has-post-thumbnail product_cat-escort product_cat-carrusel product_cat-disponible product_cat-queens-ibiza desktop-align-left tablet-align-left mobile-align-left first instock shipping-taxable product-type-simple\" data-elementor-post-type=\"elementor_library\" data-custom-edit-handle=\"1\">\n\t\t\t<div class=\"elementor-element elementor-element-3c2a2d5 e-flex e-con-boxed e-con e-parent\" data-id=\"3c2a2d5\" data-element_type=\"container\">\n\t\t\t\t\t<div class=\"e-con-inner\">\n\t\t\t\t<div class=\"elementor-element elementor-element-d29d952 elementor-widget elementor-widget-image\" data-id=\"d29d952\" data-element_type=\"widget\" data-widget_type=\"image.default\">\n\t\t\t\t\t\t\t\t\t\t\t\t\t\t\t\t<a href=\"https:\/\/ibizagirls.net\/it\/sofia-8\/\">\n\t\t\t\t\t\t\t<img decoding=\"async\" width=\"701\" height=\"1008\" src=\"https:\/\/ibizagirls.net\/wp-content\/uploads\/2026\/04\/Sofia-Escort-Vip-en-Ibiza-1.jpeg\" class=\"attachment-medium_large size-medium_large wp-image-7043\" alt=\"\" srcset=\"https:\/\/ibizagirls.net\/wp-content\/uploads\/2026\/04\/Sofia-Escort-Vip-en-Ibiza-1.jpeg 701w, https:\/\/ibizagirls.net\/wp-content\/uploads\/2026\/04\/Sofia-Escort-Vip-en-Ibiza-1-209x300.jpeg 209w, https:\/\/ibizagirls.net\/wp-content\/uploads\/2026\/04\/Sofia-Escort-Vip-en-Ibiza-1-8x12.jpeg 8w, https:\/\/ibizagirls.net\/wp-content\/uploads\/2026\/04\/Sofia-Escort-Vip-en-Ibiza-1-600x863.jpeg 600w\" sizes=\"(max-width: 701px) 100vw, 701px\" \/>\t\t\t\t\t\t\t\t<\/a>\n\t\t\t\t\t\t\t\t\t\t\t\t\t\t\t<\/div>\n\t\t<div class=\"elementor-element elementor-element-bb19cce e-con-full e-flex e-con e-child\" data-id=\"bb19cce\" data-element_type=\"container\">\n\t\t\t\t<div class=\"elementor-element elementor-element-7f1bde5 elementor-widget elementor-widget-heading\" data-id=\"7f1bde5\" data-element_type=\"widget\" data-widget_type=\"heading.default\">\n\t\t\t\t\t<div class=\"elementor-heading-title elementor-size-default\"><a href=\"https:\/\/ibizagirls.net\/it\/sofia-8\/\">Sofia<\/a><\/div>\t\t\t\t<\/div>\n\t\t\t\t<\/div>\n\t\t\t\t\t<\/div>\n\t\t\t\t<\/div>\n\t\t\t\t<\/div>\n\t\t\t\t<div data-elementor-type=\"loop-item\" data-elementor-id=\"39\" class=\"elementor elementor-39 e-loop-item e-loop-item-7024 post-7024 product type-product status-publish has-post-thumbnail product_cat-escort product_cat-carrusel product_cat-disponible product_cat-queens-ibiza desktop-align-left tablet-align-left mobile-align-left  instock shipping-taxable product-type-simple\" data-elementor-post-type=\"elementor_library\" data-custom-edit-handle=\"1\">\n\t\t\t<div class=\"elementor-element elementor-element-3c2a2d5 e-flex e-con-boxed e-con e-parent\" data-id=\"3c2a2d5\" data-element_type=\"container\">\n\t\t\t\t\t<div class=\"e-con-inner\">\n\t\t\t\t<div class=\"elementor-element elementor-element-d29d952 elementor-widget elementor-widget-image\" data-id=\"d29d952\" data-element_type=\"widget\" data-widget_type=\"image.default\">\n\t\t\t\t\t\t\t\t\t\t\t\t\t\t\t\t<a href=\"https:\/\/ibizagirls.net\/it\/natalia\/\">\n\t\t\t\t\t\t\t<img decoding=\"async\" width=\"768\" height=\"953\" src=\"https:\/\/ibizagirls.net\/wp-content\/uploads\/2026\/04\/Natalia-Escort-Ibiza-768x953.jpeg\" class=\"attachment-medium_large size-medium_large wp-image-7028\" alt=\"\" srcset=\"https:\/\/ibizagirls.net\/wp-content\/uploads\/2026\/04\/Natalia-Escort-Ibiza-768x953.jpeg 768w, https:\/\/ibizagirls.net\/wp-content\/uploads\/2026\/04\/Natalia-Escort-Ibiza-242x300.jpeg 242w, https:\/\/ibizagirls.net\/wp-content\/uploads\/2026\/04\/Natalia-Escort-Ibiza-825x1024.jpeg 825w, https:\/\/ibizagirls.net\/wp-content\/uploads\/2026\/04\/Natalia-Escort-Ibiza-10x12.jpeg 10w, https:\/\/ibizagirls.net\/wp-content\/uploads\/2026\/04\/Natalia-Escort-Ibiza-600x744.jpeg 600w, https:\/\/ibizagirls.net\/wp-content\/uploads\/2026\/04\/Natalia-Escort-Ibiza.jpeg 831w\" sizes=\"(max-width: 768px) 100vw, 768px\" \/>\t\t\t\t\t\t\t\t<\/a>\n\t\t\t\t\t\t\t\t\t\t\t\t\t\t\t<\/div>\n\t\t<div class=\"elementor-element elementor-element-bb19cce e-con-full e-flex e-con e-child\" data-id=\"bb19cce\" data-element_type=\"container\">\n\t\t\t\t<div class=\"elementor-element elementor-element-7f1bde5 elementor-widget elementor-widget-heading\" data-id=\"7f1bde5\" data-element_type=\"widget\" data-widget_type=\"heading.default\">\n\t\t\t\t\t<div class=\"elementor-heading-title elementor-size-default\"><a href=\"https:\/\/ibizagirls.net\/it\/natalia\/\">Natalia<\/a><\/div>\t\t\t\t<\/div>\n\t\t\t\t<\/div>\n\t\t\t\t\t<\/div>\n\t\t\t\t<\/div>\n\t\t\t\t<\/div>\n\t\t\t\t<div data-elementor-type=\"loop-item\" data-elementor-id=\"39\" class=\"elementor elementor-39 e-loop-item e-loop-item-7002 post-7002 product type-product status-publish has-post-thumbnail product_cat-escort product_cat-carrusel product_cat-disponible product_cat-queens-ibiza desktop-align-left tablet-align-left mobile-align-left  instock shipping-taxable product-type-simple\" data-elementor-post-type=\"elementor_library\" data-custom-edit-handle=\"1\">\n\t\t\t<div class=\"elementor-element elementor-element-3c2a2d5 e-flex e-con-boxed e-con e-parent\" data-id=\"3c2a2d5\" data-element_type=\"container\">\n\t\t\t\t\t<div class=\"e-con-inner\">\n\t\t\t\t<div class=\"elementor-element elementor-element-d29d952 elementor-widget elementor-widget-image\" data-id=\"d29d952\" data-element_type=\"widget\" data-widget_type=\"image.default\">\n\t\t\t\t\t\t\t\t\t\t\t\t\t\t\t\t<a href=\"https:\/\/ibizagirls.net\/it\/gina\/\">\n\t\t\t\t\t\t\t<img loading=\"lazy\" decoding=\"async\" width=\"768\" height=\"1365\" src=\"https:\/\/ibizagirls.net\/wp-content\/uploads\/2026\/04\/Gina-Escort-Ibiza-768x1365.jpeg\" class=\"attachment-medium_large size-medium_large wp-image-7006\" alt=\"\" srcset=\"https:\/\/ibizagirls.net\/wp-content\/uploads\/2026\/04\/Gina-Escort-Ibiza-768x1365.jpeg 768w, https:\/\/ibizagirls.net\/wp-content\/uploads\/2026\/04\/Gina-Escort-Ibiza-169x300.jpeg 169w, https:\/\/ibizagirls.net\/wp-content\/uploads\/2026\/04\/Gina-Escort-Ibiza-576x1024.jpeg 576w, https:\/\/ibizagirls.net\/wp-content\/uploads\/2026\/04\/Gina-Escort-Ibiza-864x1536.jpeg 864w, https:\/\/ibizagirls.net\/wp-content\/uploads\/2026\/04\/Gina-Escort-Ibiza-7x12.jpeg 7w, https:\/\/ibizagirls.net\/wp-content\/uploads\/2026\/04\/Gina-Escort-Ibiza-600x1067.jpeg 600w, https:\/\/ibizagirls.net\/wp-content\/uploads\/2026\/04\/Gina-Escort-Ibiza.jpeg 1152w\" sizes=\"(max-width: 768px) 100vw, 768px\" \/>\t\t\t\t\t\t\t\t<\/a>\n\t\t\t\t\t\t\t\t\t\t\t\t\t\t\t<\/div>\n\t\t<div class=\"elementor-element elementor-element-bb19cce e-con-full e-flex e-con e-child\" data-id=\"bb19cce\" data-element_type=\"container\">\n\t\t\t\t<div class=\"elementor-element elementor-element-7f1bde5 elementor-widget elementor-widget-heading\" data-id=\"7f1bde5\" data-element_type=\"widget\" data-widget_type=\"heading.default\">\n\t\t\t\t\t<div class=\"elementor-heading-title elementor-size-default\"><a href=\"https:\/\/ibizagirls.net\/it\/gina\/\">Gina<\/a><\/div>\t\t\t\t<\/div>\n\t\t\t\t<\/div>\n\t\t\t\t\t<\/div>\n\t\t\t\t<\/div>\n\t\t\t\t<\/div>\n\t\t\t\t<div data-elementor-type=\"loop-item\" data-elementor-id=\"39\" class=\"elementor elementor-39 e-loop-item e-loop-item-2136 post-2136 product type-product status-publish has-post-thumbnail product_cat-disponible product_cat-carrusel product_cat-escort product_cat-queens-ibiza desktop-align-left tablet-align-left mobile-align-left last instock shipping-taxable product-type-simple\" data-elementor-post-type=\"elementor_library\" data-custom-edit-handle=\"1\">\n\t\t\t<div class=\"elementor-element elementor-element-3c2a2d5 e-flex e-con-boxed e-con e-parent\" data-id=\"3c2a2d5\" data-element_type=\"container\">\n\t\t\t\t\t<div class=\"e-con-inner\">\n\t\t\t\t<div class=\"elementor-element elementor-element-d29d952 elementor-widget elementor-widget-image\" data-id=\"d29d952\" data-element_type=\"widget\" data-widget_type=\"image.default\">\n\t\t\t\t\t\t\t\t\t\t\t\t\t\t\t\t<a href=\"https:\/\/ibizagirls.net\/it\/esther\/\">\n\t\t\t\t\t\t\t<img loading=\"lazy\" decoding=\"async\" width=\"768\" height=\"1118\" src=\"https:\/\/ibizagirls.net\/wp-content\/uploads\/2025\/02\/Esther-chica-imagen-en-Ibiza-768x1118.jpeg\" class=\"attachment-medium_large size-medium_large wp-image-1860\" alt=\"\" srcset=\"https:\/\/ibizagirls.net\/wp-content\/uploads\/2025\/02\/Esther-chica-imagen-en-Ibiza-768x1118.jpeg 768w, https:\/\/ibizagirls.net\/wp-content\/uploads\/2025\/02\/Esther-chica-imagen-en-Ibiza-206x300.jpeg 206w, https:\/\/ibizagirls.net\/wp-content\/uploads\/2025\/02\/Esther-chica-imagen-en-Ibiza-704x1024.jpeg 704w, https:\/\/ibizagirls.net\/wp-content\/uploads\/2025\/02\/Esther-chica-imagen-en-Ibiza-600x873.jpeg 600w, https:\/\/ibizagirls.net\/wp-content\/uploads\/2025\/02\/Esther-chica-imagen-en-Ibiza.jpeg 828w\" sizes=\"(max-width: 768px) 100vw, 768px\" \/>\t\t\t\t\t\t\t\t<\/a>\n\t\t\t\t\t\t\t\t\t\t\t\t\t\t\t<\/div>\n\t\t<div class=\"elementor-element elementor-element-bb19cce e-con-full e-flex e-con e-child\" data-id=\"bb19cce\" data-element_type=\"container\">\n\t\t\t\t<div class=\"elementor-element elementor-element-7f1bde5 elementor-widget elementor-widget-heading\" data-id=\"7f1bde5\" data-element_type=\"widget\" data-widget_type=\"heading.default\">\n\t\t\t\t\t<div class=\"elementor-heading-title elementor-size-default\"><a href=\"https:\/\/ibizagirls.net\/it\/esther\/\">Ester<\/a><\/div>\t\t\t\t<\/div>\n\t\t\t\t<\/div>\n\t\t\t\t\t<\/div>\n\t\t\t\t<\/div>\n\t\t\t\t<\/div>\n\t\t\t\t<\/div>\n\t\t\n\t\t\t\t\t\t<\/div>\n\t\t\t\t<\/div>\n\t\t\t\t\t<\/div>\n\t\t\t\t<\/div>\n\t\t\t\t<\/div>","protected":false},"excerpt":{"rendered":"<p>Queens Ibiza Queens Ibiza Queens Ibiza es reconocida como la mejor agencia de acompa\u00f1antes de lujo en Ibiza, destac\u00e1ndose por [&hellip;]<\/p>","protected":false},"author":2,"featured_media":0,"parent":0,"menu_order":0,"comment_status":"closed","ping_status":"closed","template":"","meta":{"_acf_changed":false,"site-sidebar-layout":"no-sidebar","site-content-layout":"","ast-site-content-layout":"full-width-container","site-content-style":"default","site-sidebar-style":"default","ast-global-header-display":"","ast-banner-title-visibility":"","ast-main-header-display":"","ast-hfb-above-header-display":"","ast-hfb-below-header-display":"","ast-hfb-mobile-header-display":"","site-post-title":"disabled","ast-breadcrumbs-content":"","ast-featured-img":"disabled","footer-sml-layout":"","theme-transparent-header-meta":"","adv-header-id-meta":"","stick-header-meta":"","header-above-stick-meta":"","header-main-stick-meta":"","header-below-stick-meta":"","astra-migrate-meta-layouts":"default","ast-page-background-enabled":"default","ast-page-background-meta":{"desktop":{"background-color":"var(--ast-global-color-4)","background-image":"","background-repeat":"repeat","background-position":"center center","background-size":"auto","background-attachment":"scroll","background-type":"","background-media":"","overlay-type":"","overlay-color":"","overlay-opacity":"","overlay-gradient":""},"tablet":{"background-color":"","background-image":"","background-repeat":"repeat","background-position":"center center","background-size":"auto","background-attachment":"scroll","background-type":"","background-media":"","overlay-type":"","overlay-color":"","overlay-opacity":"","overlay-gradient":""},"mobile":{"background-color":"","background-image":"","background-repeat":"repeat","background-position":"center center","background-size":"auto","background-attachment":"scroll","background-type":"","background-media":"","overlay-type":"","overlay-color":"","overlay-opacity":"","overlay-gradient":""}},"ast-content-background-meta":{"desktop":{"background-color":"var(--ast-global-color-5)","background-image":"","background-repeat":"repeat","background-position":"center center","background-size":"auto","background-attachment":"scroll","background-type":"","background-media":"","overlay-type":"","overlay-color":"","overlay-opacity":"","overlay-gradient":""},"tablet":{"background-color":"var(--ast-global-color-5)","background-image":"","background-repeat":"repeat","background-position":"center center","background-size":"auto","background-attachment":"scroll","background-type":"","background-media":"","overlay-type":"","overlay-color":"","overlay-opacity":"","overlay-gradient":""},"mobile":{"background-color":"var(--ast-global-color-5)","background-image":"","background-repeat":"repeat","background-position":"center center","background-size":"auto","background-attachment":"scroll","background-type":"","background-media":"","overlay-type":"","overlay-color":"","overlay-opacity":"","overlay-gradient":""}},"footnotes":""},"class_list":["post-952","page","type-page","status-publish","hentry","desktop-align-left","tablet-align-left","mobile-align-left"],"acf":[],"_links":{"self":[{"href":"https:\/\/ibizagirls.net\/it\/wp-json\/wp\/v2\/pages\/952"}],"collection":[{"href":"https:\/\/ibizagirls.net\/it\/wp-json\/wp\/v2\/pages"}],"about":[{"href":"https:\/\/ibizagirls.net\/it\/wp-json\/wp\/v2\/types\/page"}],"author":[{"embeddable":true,"href":"https:\/\/ibizagirls.net\/it\/wp-json\/wp\/v2\/users\/2"}],"replies":[{"embeddable":true,"href":"https:\/\/ibizagirls.net\/it\/wp-json\/wp\/v2\/comments?post=952"}],"version-history":[{"count":49,"href":"https:\/\/ibizagirls.net\/it\/wp-json\/wp\/v2\/pages\/952\/revisions"}],"predecessor-version":[{"id":2474,"href":"https:\/\/ibizagirls.net\/it\/wp-json\/wp\/v2\/pages\/952\/revisions\/2474"}],"wp:attachment":[{"href":"https:\/\/ibizagirls.net\/it\/wp-json\/wp\/v2\/media?parent=952"}],"curies":[{"name":"wp","href":"https:\/\/api.w.org\/{rel}","templated":true}]}}