{"id":7091,"date":"2025-07-30T23:01:21","date_gmt":"2025-07-30T21:01:21","guid":{"rendered":"https:\/\/queensibiza.com\/?post_type=product&#038;p=3941"},"modified":"2026-04-17T08:51:14","modified_gmt":"2026-04-17T06:51:14","slug":"violeta-2","status":"publish","type":"product","link":"https:\/\/ibizagirls.net\/it\/violeta-2\/","title":{"rendered":"Violeta"},"content":{"rendered":"<p>Hola cielo, soy Violeta, una mujer de mirada intensa, mente despierta y cuerpo irresistible. Estoy en Ibiza esta temporada para ofrecer algo m\u00e1s que compa\u00f1\u00eda: una experiencia \u00fanica, llena de placer, conexi\u00f3n y elegancia.<\/p>\n<p>Me apasiona disfrutar sin l\u00edmites, con discreci\u00f3n y con clase. Me encanta seducir con gestos, palabras y silencios&#8230; y perderme en encuentros que se sienten de verdad. Ya sea en tu hotel, en tu yate o en una villa privada, har\u00e9 que cada minuto contigo valga la pena.<\/p>\n<p>Estoy disponible todos los d\u00edas, con horarios flexibles y una actitud abierta. Cuido cada detalle porque me gusta dejar huella en quienes saben disfrutar sin prisas, con estilo y complicidad.<\/p>\n<p>Si buscas m\u00e1s que una cita, si te atraen las mujeres seguras, cari\u00f1osas y con un toque salvaje bajo la piel\u2026 escr\u00edbeme. Estoy lista para ti.<\/p>","protected":false},"excerpt":{"rendered":"<p>Hola cielo, soy Violeta, una mujer de mirada intensa, mente despierta y cuerpo irresistible. Estoy en Ibiza esta temporada para [&hellip;]<\/p>","protected":false},"featured_media":7134,"comment_status":"open","ping_status":"closed","template":"","meta":{"_acf_changed":false,"site-sidebar-layout":"default","site-content-layout":"","ast-site-content-layout":"default","site-content-style":"default","site-sidebar-style":"default","ast-global-header-display":"","ast-banner-title-visibility":"","ast-main-header-display":"","ast-hfb-above-header-display":"","ast-hfb-below-header-display":"","ast-hfb-mobile-header-display":"","site-post-title":"","ast-breadcrumbs-content":"","ast-featured-img":"","footer-sml-layout":"","theme-transparent-header-meta":"default","adv-header-id-meta":"","stick-header-meta":"","header-above-stick-meta":"","header-main-stick-meta":"","header-below-stick-meta":"","astra-migrate-meta-layouts":"set","ast-page-background-enabled":"default","ast-page-background-meta":{"desktop":{"background-color":"var(--ast-global-color-4)","background-image":"","background-repeat":"repeat","background-position":"center center","background-size":"auto","background-attachment":"scroll","background-type":"","background-media":"","overlay-type":"","overlay-color":"","overlay-opacity":"","overlay-gradient":""},"tablet":{"background-color":"","background-image":"","background-repeat":"repeat","background-position":"center center","background-size":"auto","background-attachment":"scroll","background-type":"","background-media":"","overlay-type":"","overlay-color":"","overlay-opacity":"","overlay-gradient":""},"mobile":{"background-color":"","background-image":"","background-repeat":"repeat","background-position":"center center","background-size":"auto","background-attachment":"scroll","background-type":"","background-media":"","overlay-type":"","overlay-color":"","overlay-opacity":"","overlay-gradient":""}},"ast-content-background-meta":{"desktop":{"background-color":"var(--ast-global-color-5)","background-image":"","background-repeat":"repeat","background-position":"center center","background-size":"auto","background-attachment":"scroll","background-type":"","background-media":"","overlay-type":"","overlay-color":"","overlay-opacity":"","overlay-gradient":""},"tablet":{"background-color":"var(--ast-global-color-5)","background-image":"","background-repeat":"repeat","background-position":"center center","background-size":"auto","background-attachment":"scroll","background-type":"","background-media":"","overlay-type":"","overlay-color":"","overlay-opacity":"","overlay-gradient":""},"mobile":{"background-color":"var(--ast-global-color-5)","background-image":"","background-repeat":"repeat","background-position":"center center","background-size":"auto","background-attachment":"scroll","background-type":"","background-media":"","overlay-type":"","overlay-color":"","overlay-opacity":"","overlay-gradient":""}}},"product_brand":[],"product_cat":[55,19,52,38],"product_tag":[],"class_list":{"0":"post-7091","1":"product","2":"type-product","3":"status-publish","4":"has-post-thumbnail","6":"product_cat-escort","7":"product_cat-disponible","8":"product_cat-carrusel","9":"product_cat-ladys-escorts-ibiza","10":"desktop-align-left","11":"tablet-align-left","12":"mobile-align-left","14":"first","15":"instock","16":"shipping-taxable","17":"product-type-simple"},"acf":[],"gallery_images":[7134,7132,7133,7135,7136],"_links":{"self":[{"href":"https:\/\/ibizagirls.net\/it\/wp-json\/wp\/v2\/product\/7091"}],"collection":[{"href":"https:\/\/ibizagirls.net\/it\/wp-json\/wp\/v2\/product"}],"about":[{"href":"https:\/\/ibizagirls.net\/it\/wp-json\/wp\/v2\/types\/product"}],"replies":[{"embeddable":true,"href":"https:\/\/ibizagirls.net\/it\/wp-json\/wp\/v2\/comments?post=7091"}],"wp:featuredmedia":[{"embeddable":true,"href":"https:\/\/ibizagirls.net\/it\/wp-json\/wp\/v2\/media\/7134"}],"wp:attachment":[{"href":"https:\/\/ibizagirls.net\/it\/wp-json\/wp\/v2\/media?parent=7091"}],"wp:term":[{"taxonomy":"product_brand","embeddable":true,"href":"https:\/\/ibizagirls.net\/it\/wp-json\/wp\/v2\/product_brand?post=7091"},{"taxonomy":"product_cat","embeddable":true,"href":"https:\/\/ibizagirls.net\/it\/wp-json\/wp\/v2\/product_cat?post=7091"},{"taxonomy":"product_tag","embeddable":true,"href":"https:\/\/ibizagirls.net\/it\/wp-json\/wp\/v2\/product_tag?post=7091"}],"curies":[{"name":"wp","href":"https:\/\/api.w.org\/{rel}","templated":true}]}}