{"id":7222,"date":"2026-04-26T20:38:58","date_gmt":"2026-04-26T18:38:58","guid":{"rendered":"https:\/\/ibizagirls.net\/?post_type=product&#038;p=7222"},"modified":"2026-04-26T20:38:58","modified_gmt":"2026-04-26T18:38:58","slug":"samantha","status":"publish","type":"product","link":"https:\/\/ibizagirls.net\/it\/samantha\/","title":{"rendered":"Samantha"},"content":{"rendered":"<p data-start=\"903\" data-end=\"1205\">Ciao amore, sono <strong data-start=\"927\" data-end=\"937\">Samantha<\/strong>, a <strong data-start=\"943\" data-end=\"985\">escort di alta classe a Ibiza<\/strong>, con una presencia sofisticada, piel suave y una personalidad que combina elegancia, cercan\u00eda y un toque de sensualidad que hace cada encuentro \u00fanico. Me gusta que todo sea natural y exclusivo desde el primer momento.<\/p>\n<p data-start=\"1207\" data-end=\"1396\">Estoy en la isla para vivir contigo momentos selectos: cenas privadas frente al mar, paseos en yate por aguas cristalinas, veladas \u00edntimas y encuentros llenos de complicidad y discreci\u00f3n.<\/p>\n<p data-start=\"1398\" data-end=\"1584\">Sono disponibile <strong data-start=\"1415\" data-end=\"1431\">las 24 horas<\/strong>, puedo desplazarme a tu <strong data-start=\"1456\" data-end=\"1480\">hotel, villa o barco<\/strong>, o recibirte en un <strong data-start=\"1500\" data-end=\"1532\">apartamento privado en Ibiza<\/strong>, \u00edntimo, elegante y reservado solo para nosotros.<\/p>\n<p data-start=\"1586\" data-end=\"1681\">Haz tu reserva y perm\u00edteme ser ese plan especial que recordar\u00e1s mucho despu\u00e9s de dejar la isla.<\/p>","protected":false},"excerpt":{"rendered":"<div style=\"width: 480px;\" class=\"wp-video\"><!--[if lt IE 9]><script>document.createElement('video');<\/script><![endif]--><br \/>\n<video class=\"wp-video-shortcode\" id=\"video-7222-1\" width=\"480\" height=\"848\" preload=\"metadata\" controls=\"controls\"><source type=\"video\/mp4\" src=\"https:\/\/ibizagirls.net\/wp-content\/uploads\/2026\/04\/Video-Samantha-Escort-Vip-en-Ibiza.mp4?_=1\" \/><a href=\"https:\/\/ibizagirls.net\/wp-content\/uploads\/2026\/04\/Video-Samantha-Escort-Vip-en-Ibiza.mp4\">https:\/\/ibizagirls.net\/wp-content\/uploads\/2026\/04\/Video-Samantha-Escort-Vip-en-Ibiza.mp4<\/a><\/video><\/div>","protected":false},"featured_media":7224,"comment_status":"open","ping_status":"closed","template":"","meta":{"_acf_changed":false,"site-sidebar-layout":"default","site-content-layout":"","ast-site-content-layout":"default","site-content-style":"default","site-sidebar-style":"default","ast-global-header-display":"","ast-banner-title-visibility":"","ast-main-header-display":"","ast-hfb-above-header-display":"","ast-hfb-below-header-display":"","ast-hfb-mobile-header-display":"","site-post-title":"","ast-breadcrumbs-content":"","ast-featured-img":"","footer-sml-layout":"","ast-disable-related-posts":"","theme-transparent-header-meta":"default","adv-header-id-meta":"","stick-header-meta":"","header-above-stick-meta":"","header-main-stick-meta":"","header-below-stick-meta":"","astra-migrate-meta-layouts":"set","ast-page-background-enabled":"default","ast-page-background-meta":{"desktop":{"background-color":"var(--ast-global-color-4)","background-image":"","background-repeat":"repeat","background-position":"center center","background-size":"auto","background-attachment":"scroll","background-type":"","background-media":"","overlay-type":"","overlay-color":"","overlay-opacity":"","overlay-gradient":""},"tablet":{"background-color":"","background-image":"","background-repeat":"repeat","background-position":"center center","background-size":"auto","background-attachment":"scroll","background-type":"","background-media":"","overlay-type":"","overlay-color":"","overlay-opacity":"","overlay-gradient":""},"mobile":{"background-color":"","background-image":"","background-repeat":"repeat","background-position":"center center","background-size":"auto","background-attachment":"scroll","background-type":"","background-media":"","overlay-type":"","overlay-color":"","overlay-opacity":"","overlay-gradient":""}},"ast-content-background-meta":{"desktop":{"background-color":"var(--ast-global-color-5)","background-image":"","background-repeat":"repeat","background-position":"center center","background-size":"auto","background-attachment":"scroll","background-type":"","background-media":"","overlay-type":"","overlay-color":"","overlay-opacity":"","overlay-gradient":""},"tablet":{"background-color":"var(--ast-global-color-5)","background-image":"","background-repeat":"repeat","background-position":"center center","background-size":"auto","background-attachment":"scroll","background-type":"","background-media":"","overlay-type":"","overlay-color":"","overlay-opacity":"","overlay-gradient":""},"mobile":{"background-color":"var(--ast-global-color-5)","background-image":"","background-repeat":"repeat","background-position":"center center","background-size":"auto","background-attachment":"scroll","background-type":"","background-media":"","overlay-type":"","overlay-color":"","overlay-opacity":"","overlay-gradient":""}}},"product_brand":[],"product_cat":[55,19,54,37],"product_tag":[],"class_list":{"0":"post-7222","1":"product","2":"type-product","3":"status-publish","4":"has-post-thumbnail","6":"product_cat-escort","7":"product_cat-disponible","8":"product_cat-videos","9":"product_cat-queens-ibiza","10":"desktop-align-left","11":"tablet-align-left","12":"mobile-align-left","14":"first","15":"instock","16":"shipping-taxable","17":"product-type-simple"},"acf":[],"gallery_images":[7224,7223,7225,7226,7227,7228],"_links":{"self":[{"href":"https:\/\/ibizagirls.net\/it\/wp-json\/wp\/v2\/product\/7222"}],"collection":[{"href":"https:\/\/ibizagirls.net\/it\/wp-json\/wp\/v2\/product"}],"about":[{"href":"https:\/\/ibizagirls.net\/it\/wp-json\/wp\/v2\/types\/product"}],"replies":[{"embeddable":true,"href":"https:\/\/ibizagirls.net\/it\/wp-json\/wp\/v2\/comments?post=7222"}],"wp:featuredmedia":[{"embeddable":true,"href":"https:\/\/ibizagirls.net\/it\/wp-json\/wp\/v2\/media\/7224"}],"wp:attachment":[{"href":"https:\/\/ibizagirls.net\/it\/wp-json\/wp\/v2\/media?parent=7222"}],"wp:term":[{"taxonomy":"product_brand","embeddable":true,"href":"https:\/\/ibizagirls.net\/it\/wp-json\/wp\/v2\/product_brand?post=7222"},{"taxonomy":"product_cat","embeddable":true,"href":"https:\/\/ibizagirls.net\/it\/wp-json\/wp\/v2\/product_cat?post=7222"},{"taxonomy":"product_tag","embeddable":true,"href":"https:\/\/ibizagirls.net\/it\/wp-json\/wp\/v2\/product_tag?post=7222"}],"curies":[{"name":"wp","href":"https:\/\/api.w.org\/{rel}","templated":true}]}}