{"id":7334,"date":"2026-05-05T05:07:12","date_gmt":"2026-05-05T03:07:12","guid":{"rendered":"https:\/\/ibizagirls.net\/?post_type=product&#038;p=7334"},"modified":"2026-05-05T05:08:57","modified_gmt":"2026-05-05T03:08:57","slug":"sara-4","status":"publish","type":"product","link":"https:\/\/ibizagirls.net\/it\/sara-4\/","title":{"rendered":"Sara"},"content":{"rendered":"<p data-start=\"2509\" data-end=\"2803\">Ciao amore, sono <strong data-start=\"2533\" data-end=\"2542\">Sara<\/strong>, a <strong data-start=\"2548\" data-end=\"2584\">escort di lusso a Ibiza<\/strong>, con una figura elegante, piel suave y una personalidad que combina cercan\u00eda, sensualidad y un estilo sofisticado que se siente desde el primer momento. Me gusta que cada encuentro sea natural y lleno de complicidad.<\/p>\n<p data-start=\"2805\" data-end=\"2982\">Estoy en la isla para vivir contigo momentos exclusivos: cenas rom\u00e1nticas frente al mar, paseos en yate, veladas privadas y encuentros \u00edntimos donde la discreci\u00f3n es absoluta.<\/p>\n<p data-start=\"2984\" data-end=\"3160\">Sono disponibile <strong data-start=\"3001\" data-end=\"3017\">las 24 horas<\/strong>, puedo desplazarme a tu <strong data-start=\"3042\" data-end=\"3066\">hotel, villa o barco<\/strong>, o recibirte en un <strong data-start=\"3086\" data-end=\"3118\">apartamento privado en Ibiza<\/strong>, \u00edntimo y reservado solo para nosotros.<\/p>\n<p data-start=\"3162\" data-end=\"3222\">Haz tu reserva y vivamos una experiencia realmente especial.<\/p>","protected":false},"excerpt":{"rendered":"<div style=\"width: 480px;\" class=\"wp-video\"><!--[if lt IE 9]><script>document.createElement('video');<\/script><![endif]--><br \/>\n<video class=\"wp-video-shortcode\" id=\"video-7334-1\" width=\"480\" height=\"848\" preload=\"metadata\" controls=\"controls\"><source type=\"video\/mp4\" src=\"https:\/\/ibizagirls.net\/wp-content\/uploads\/2026\/05\/Video-Sara-Puta-de-Compania-en-Ibiza.mp4?_=1\" \/><a href=\"https:\/\/ibizagirls.net\/wp-content\/uploads\/2026\/05\/Video-Sara-Puta-de-Compania-en-Ibiza.mp4\">https:\/\/ibizagirls.net\/wp-content\/uploads\/2026\/05\/Video-Sara-Puta-de-Compania-en-Ibiza.mp4<\/a><\/video><\/div>","protected":false},"featured_media":7338,"comment_status":"open","ping_status":"closed","template":"","meta":{"_acf_changed":false,"site-sidebar-layout":"default","site-content-layout":"","ast-site-content-layout":"default","site-content-style":"default","site-sidebar-style":"default","ast-global-header-display":"","ast-banner-title-visibility":"","ast-main-header-display":"","ast-hfb-above-header-display":"","ast-hfb-below-header-display":"","ast-hfb-mobile-header-display":"","site-post-title":"","ast-breadcrumbs-content":"","ast-featured-img":"","footer-sml-layout":"","ast-disable-related-posts":"","theme-transparent-header-meta":"default","adv-header-id-meta":"","stick-header-meta":"","header-above-stick-meta":"","header-main-stick-meta":"","header-below-stick-meta":"","astra-migrate-meta-layouts":"set","ast-page-background-enabled":"default","ast-page-background-meta":{"desktop":{"background-color":"var(--ast-global-color-4)","background-image":"","background-repeat":"repeat","background-position":"center center","background-size":"auto","background-attachment":"scroll","background-type":"","background-media":"","overlay-type":"","overlay-color":"","overlay-opacity":"","overlay-gradient":""},"tablet":{"background-color":"","background-image":"","background-repeat":"repeat","background-position":"center center","background-size":"auto","background-attachment":"scroll","background-type":"","background-media":"","overlay-type":"","overlay-color":"","overlay-opacity":"","overlay-gradient":""},"mobile":{"background-color":"","background-image":"","background-repeat":"repeat","background-position":"center center","background-size":"auto","background-attachment":"scroll","background-type":"","background-media":"","overlay-type":"","overlay-color":"","overlay-opacity":"","overlay-gradient":""}},"ast-content-background-meta":{"desktop":{"background-color":"var(--ast-global-color-5)","background-image":"","background-repeat":"repeat","background-position":"center center","background-size":"auto","background-attachment":"scroll","background-type":"","background-media":"","overlay-type":"","overlay-color":"","overlay-opacity":"","overlay-gradient":""},"tablet":{"background-color":"var(--ast-global-color-5)","background-image":"","background-repeat":"repeat","background-position":"center center","background-size":"auto","background-attachment":"scroll","background-type":"","background-media":"","overlay-type":"","overlay-color":"","overlay-opacity":"","overlay-gradient":""},"mobile":{"background-color":"var(--ast-global-color-5)","background-image":"","background-repeat":"repeat","background-position":"center center","background-size":"auto","background-attachment":"scroll","background-type":"","background-media":"","overlay-type":"","overlay-color":"","overlay-opacity":"","overlay-gradient":""}}},"product_brand":[],"product_cat":[55,19,52,54,38],"product_tag":[],"class_list":{"0":"post-7334","1":"product","2":"type-product","3":"status-publish","4":"has-post-thumbnail","6":"product_cat-escort","7":"product_cat-disponible","8":"product_cat-carrusel","9":"product_cat-videos","10":"product_cat-ladys-escorts-ibiza","11":"desktop-align-left","12":"tablet-align-left","13":"mobile-align-left","15":"first","16":"instock","17":"shipping-taxable","18":"product-type-simple"},"acf":[],"gallery_images":[7338,7335,7336,7337,7339,7340],"_links":{"self":[{"href":"https:\/\/ibizagirls.net\/it\/wp-json\/wp\/v2\/product\/7334"}],"collection":[{"href":"https:\/\/ibizagirls.net\/it\/wp-json\/wp\/v2\/product"}],"about":[{"href":"https:\/\/ibizagirls.net\/it\/wp-json\/wp\/v2\/types\/product"}],"replies":[{"embeddable":true,"href":"https:\/\/ibizagirls.net\/it\/wp-json\/wp\/v2\/comments?post=7334"}],"wp:featuredmedia":[{"embeddable":true,"href":"https:\/\/ibizagirls.net\/it\/wp-json\/wp\/v2\/media\/7338"}],"wp:attachment":[{"href":"https:\/\/ibizagirls.net\/it\/wp-json\/wp\/v2\/media?parent=7334"}],"wp:term":[{"taxonomy":"product_brand","embeddable":true,"href":"https:\/\/ibizagirls.net\/it\/wp-json\/wp\/v2\/product_brand?post=7334"},{"taxonomy":"product_cat","embeddable":true,"href":"https:\/\/ibizagirls.net\/it\/wp-json\/wp\/v2\/product_cat?post=7334"},{"taxonomy":"product_tag","embeddable":true,"href":"https:\/\/ibizagirls.net\/it\/wp-json\/wp\/v2\/product_tag?post=7334"}],"curies":[{"name":"wp","href":"https:\/\/api.w.org\/{rel}","templated":true}]}}